{"id":2989,"date":"2026-04-06T07:56:37","date_gmt":"2026-04-06T07:56:37","guid":{"rendered":"https:\/\/niunielec.com\/?post_type=product&#038;p=2989"},"modified":"2026-04-06T08:00:29","modified_gmt":"2026-04-06T08:00:29","slug":"high-voltage-earthing-switch-manufacturer-indoor-grounding-switch-for-switchgear","status":"publish","type":"product","link":"https:\/\/niunielec.com\/pt\/product\/high-voltage-earthing-switch-manufacturer-indoor-grounding-switch-for-switchgear\/","title":{"rendered":"High Voltage Earthing Switch Manufacturer | Indoor Grounding Switch for Switchgear"},"content":{"rendered":"<h2 id=\"h2-1\"><span style=\"font-size: 75%;\"><strong>Reliable High Voltage Earthing Switch for MV Switchgear Panels<\/strong><\/span><\/h2>\n<h3><strong><span style=\"font-size: 75%;\">Safety First Indoor Grounding Switch Solutions for OEM Panel Builders and Manufacturers<\/span><\/strong><\/h3>\n<h4><strong>Descri\u00e7\u00e3o do produto<\/strong><\/h4>\n<p><strong>Model No.: (EK6) JN15A-12\/31.5<\/strong><\/p>\n<p>EK6\u201112\/31.5 Series indoor earthing switch is an upgraded design developed on the basis of the ES1 type. It is applicable to 3\u201312 kV three\u2011phase AC 50(60) Hz power systems. Serving as earthing protection equipment, it can be installed in various medium\u2011voltage switchgear assemblies. The product complies with GB 1985\u20112004 and IEC 129 standards. Our high voltage earthing switches are essential safety components designed for medium voltage metal clad switchgear. Engineered for rapid closing and superior short circuit making capacity, these switches ensure the safety of maintenance personnel.<\/p>\n<h5><span style=\"font-size: 120%;\"><strong>Key Performance Features<\/strong><\/span><\/h5>\n<p>Advanced Interlocking: Seamlessly integrates with the VCB and cabinet door.<\/p>\n<p>Short Circuit Capacity: Designed to withstand high thermal and dynamic stresses.<\/p>\n<p>Durable Construction: High strength galvanized steel frame and silver plated copper contacts.<\/p>\n<h5><span style=\"font-size: 120%;\"><strong>Working condition<\/strong><\/span><\/h5>\n<ul>\n<li>Ambient temperature: -10\u2103 -+40\u2103<\/li>\n<li>Altitude: \u2264 1000m;<\/li>\n<li>Relative humidity: Daily average \u226495%, Monthly average \u2264 90%;<\/li>\n<li>Earthquake intensity: \u22648 degree;<\/li>\n<li>Dirtiness degree: II.<\/li>\n<\/ul>\n<h5><span style=\"font-size: 120%;\"><strong>Par\u00e2metros t\u00e9cnicos<\/strong><\/span><\/h5>\n<table style=\"border-collapse: collapse; width: 544.52pt;\" border=\"0\" width=\"1089\" cellspacing=\"0\" cellpadding=\"0\">\n<tbody>\n<tr style=\"height: 20.00pt;\">\n<td class=\"et2\" style=\"height: 20.00pt; width: 27.50pt;\" width=\"55\" height=\"40\">N\u00e3o.<\/td>\n<td class=\"et2\" style=\"width: 381.00pt;\" colspan=\"2\" width=\"762\">Item<\/td>\n<td class=\"et2\" style=\"width: 68.00pt;\" width=\"136\">Unidade<\/td>\n<td class=\"et2\" style=\"width: 68.00pt;\" width=\"136\">Dados<\/td>\n<\/tr>\n<tr style=\"height: 20.00pt;\">\n<td class=\"et3\" style=\"height: 20.00pt; width: 27.50pt;\" width=\"55\" height=\"40\">1<\/td>\n<td class=\"et4\" style=\"width: 381.00pt;\" colspan=\"2\" width=\"762\">Tens\u00e3o nominal<\/td>\n<td class=\"et3\" style=\"width: 68.00pt;\" width=\"136\">KV<\/td>\n<td class=\"et3\" style=\"width: 68.00pt;\" width=\"136\">12<\/td>\n<\/tr>\n<tr style=\"height: 20.00pt;\">\n<td class=\"et3\" style=\"height: 20.00pt; width: 27.50pt;\" width=\"55\" height=\"40\">2<\/td>\n<td class=\"et4\" style=\"width: 381.00pt;\" colspan=\"2\" width=\"762\">Rated short time withstand current<\/td>\n<td class=\"et3\" style=\"width: 68.00pt;\" width=\"136\">KA<\/td>\n<td class=\"et3\" style=\"width: 68.00pt;\" width=\"136\">31.5<\/td>\n<\/tr>\n<tr style=\"height: 20.00pt;\">\n<td class=\"et3\" style=\"height: 20.00pt; width: 27.50pt;\" width=\"55\" height=\"40\">3<\/td>\n<td class=\"et4\" style=\"width: 381.00pt;\" colspan=\"2\" width=\"762\">Rated short circuit withstand time<\/td>\n<td class=\"et3\" style=\"width: 68.00pt;\" width=\"136\">S<\/td>\n<td class=\"et3\" style=\"width: 68.00pt;\" width=\"136\">4<\/td>\n<\/tr>\n<tr style=\"height: 20.00pt;\">\n<td class=\"et3\" style=\"height: 20.00pt; width: 27.50pt;\" width=\"55\" height=\"40\">4<\/td>\n<td class=\"et4\" style=\"width: 381.00pt;\" colspan=\"2\" width=\"762\">Rated short circuit making current<\/td>\n<td class=\"et3\" style=\"width: 68.00pt;\" width=\"136\">KA<\/td>\n<td class=\"et3\" style=\"width: 68.00pt;\" width=\"136\">80<\/td>\n<\/tr>\n<tr style=\"height: 20.00pt;\">\n<td class=\"et3\" style=\"height: 20.00pt; width: 27.50pt;\" width=\"55\" height=\"40\">5<\/td>\n<td class=\"et4\" style=\"width: 381.00pt;\" colspan=\"2\" width=\"762\">Corrente suport\u00e1vel de pico nominal<\/td>\n<td class=\"et3\" style=\"width: 68.00pt;\" width=\"136\">KA<\/td>\n<td class=\"et3\" style=\"width: 68.00pt;\" width=\"136\">80<\/td>\n<\/tr>\n<tr style=\"height: 22.00pt;\">\n<td class=\"et3\" style=\"height: 42.00pt; width: 27.50pt;\" rowspan=\"2\" width=\"55\" height=\"84\">6<\/td>\n<td class=\"et4\" style=\"width: 129.00pt;\" rowspan=\"2\" width=\"258\">N\u00edvel de isolamento nominal<\/td>\n<td class=\"et4\" style=\"width: 252.00pt;\" width=\"504\">1 min frequ\u00eancia de alimenta\u00e7\u00e3o tens\u00e3o suport\u00e1vel<\/td>\n<td class=\"et3\" style=\"width: 68.00pt;\" rowspan=\"2\" width=\"136\">KV<\/td>\n<td class=\"et3\" style=\"width: 68.00pt;\" width=\"136\">42<\/td>\n<\/tr>\n<tr style=\"height: 20.00pt;\">\n<td class=\"et4\" style=\"width: 252.00pt;\" width=\"504\">Lightning Impulse withstand voltage<\/td>\n<td class=\"et3\" style=\"width: 68.00pt;\" width=\"136\">75<\/td>\n<\/tr>\n<tr style=\"height: 20.00pt;\">\n<td class=\"et3\" style=\"height: 20.00pt; width: 27.50pt;\" width=\"55\" height=\"40\">7<\/td>\n<td class=\"et4\" style=\"width: 381.00pt;\" colspan=\"2\" width=\"762\">Vida mec\u00e2nica<\/td>\n<td class=\"et3\" style=\"width: 68.00pt;\" width=\"136\">Tempos<\/td>\n<td class=\"et3\" style=\"width: 68.00pt;\" width=\"136\">2000<\/td>\n<\/tr>\n<\/tbody>\n<\/table>\n<p><strong>Desenho<\/strong><\/p>\n<p>&nbsp;<\/p>\n<p><img loading=\"lazy\" decoding=\"async\" class=\"wp-image-2992\" src=\"https:\/\/niunielec.com\/wp-content\/uploads\/2026\/04\/indoor-grounding-switch-for-switchgear-drawing-768x622.webp\" alt=\"high voltage earthing switch manufacturer | indoor grounding switch for switchgear\" width=\"658\" height=\"533\" srcset=\"https:\/\/niunielec.com\/wp-content\/uploads\/2026\/04\/indoor-grounding-switch-for-switchgear-drawing-768x622.webp 768w, https:\/\/niunielec.com\/wp-content\/uploads\/2026\/04\/indoor-grounding-switch-for-switchgear-drawing-1024x829.webp 1024w, https:\/\/niunielec.com\/wp-content\/uploads\/2026\/04\/indoor-grounding-switch-for-switchgear-drawing-440x356.webp 440w, https:\/\/niunielec.com\/wp-content\/uploads\/2026\/04\/indoor-grounding-switch-for-switchgear-drawing-15x12.webp 15w, https:\/\/niunielec.com\/wp-content\/uploads\/2026\/04\/indoor-grounding-switch-for-switchgear-drawing-600x486.webp 600w, https:\/\/niunielec.com\/wp-content\/uploads\/2026\/04\/indoor-grounding-switch-for-switchgear-drawing.webp 1253w\" sizes=\"auto, (max-width: 658px) 100vw, 658px\" \/><\/p>\n<table style=\"border-collapse: collapse; width: 431.52pt;\" border=\"0\" width=\"863\" cellspacing=\"0\" cellpadding=\"0\">\n<tbody>\n<tr style=\"height: 28.00pt;\">\n<td class=\"et2\" style=\"height: 28.00pt; width: 122.50pt;\" width=\"245\" height=\"56\">Specification<\/td>\n<td class=\"et2\" style=\"width: 51.50pt;\" width=\"103\">E<\/td>\n<td class=\"et2\" style=\"width: 51.50pt;\" width=\"103\">F<\/td>\n<td class=\"et2\" style=\"width: 51.50pt;\" width=\"103\">G<\/td>\n<td class=\"et2\" style=\"width: 51.50pt;\" width=\"103\">H<\/td>\n<td class=\"et2\" style=\"width: 51.50pt;\" width=\"103\">D<\/td>\n<td class=\"et2\" style=\"width: 51.50pt;\" width=\"103\">C<\/td>\n<\/tr>\n<tr style=\"height: 26.00pt;\">\n<td class=\"et3\" style=\"height: 26.00pt; width: 122.50pt;\" width=\"245\" height=\"52\">EK6-12\/31.5-165<\/td>\n<td class=\"et4\" style=\"width: 51.50pt;\" width=\"103\">165<\/td>\n<td class=\"et4\" style=\"width: 51.50pt;\" width=\"103\">75<\/td>\n<td class=\"et4\" style=\"width: 51.50pt;\" width=\"103\">160<\/td>\n<td class=\"et4\" style=\"width: 51.50pt;\" width=\"103\">565<\/td>\n<td class=\"et4\" style=\"width: 51.50pt;\" width=\"103\">426<\/td>\n<td class=\"et5\"><\/td>\n<\/tr>\n<tr style=\"height: 26.00pt;\">\n<td class=\"et3\" style=\"height: 26.00pt; width: 122.50pt;\" width=\"245\" height=\"52\">EK6-12\/31.5-180<\/td>\n<td class=\"et4\" style=\"width: 51.50pt;\" width=\"103\">180<\/td>\n<td class=\"et4\" style=\"width: 51.50pt;\" width=\"103\">75<\/td>\n<td class=\"et4\" style=\"width: 51.50pt;\" width=\"103\">160<\/td>\n<td class=\"et4\" style=\"width: 51.50pt;\" width=\"103\">595<\/td>\n<td class=\"et4\" style=\"width: 51.50pt;\" width=\"103\">456<\/td>\n<td class=\"et5\"><\/td>\n<\/tr>\n<tr style=\"height: 26.00pt;\">\n<td class=\"et3\" style=\"height: 26.00pt; width: 122.50pt;\" width=\"245\" height=\"52\">EK6-12\/31.5-200<\/td>\n<td class=\"et4\" style=\"width: 51.50pt;\" width=\"103\">200<\/td>\n<td class=\"et4\" style=\"width: 51.50pt;\" width=\"103\">75<\/td>\n<td class=\"et4\" style=\"width: 51.50pt;\" width=\"103\">160<\/td>\n<td class=\"et4\" style=\"width: 51.50pt;\" width=\"103\">635<\/td>\n<td class=\"et4\" style=\"width: 51.50pt;\" width=\"103\">496<\/td>\n<td class=\"et5\"><\/td>\n<\/tr>\n<tr style=\"height: 26.00pt;\">\n<td class=\"et3\" style=\"height: 26.00pt; width: 122.50pt;\" width=\"245\" height=\"52\">EK6-12\/31.5-210<\/td>\n<td class=\"et4\" style=\"width: 51.50pt;\" width=\"103\">210<\/td>\n<td class=\"et4\" style=\"width: 51.50pt;\" width=\"103\">75<\/td>\n<td class=\"et4\" style=\"width: 51.50pt;\" width=\"103\">160<\/td>\n<td class=\"et4\" style=\"width: 51.50pt;\" width=\"103\">655<\/td>\n<td class=\"et4\" style=\"width: 51.50pt;\" width=\"103\">516<\/td>\n<td class=\"et5\"><\/td>\n<\/tr>\n<tr style=\"height: 26.00pt;\">\n<td class=\"et3\" style=\"height: 26.00pt; width: 122.50pt;\" width=\"245\" height=\"52\">EK6-12\/31.5 230<\/td>\n<td class=\"et4\" style=\"width: 51.50pt;\" width=\"103\">230<\/td>\n<td class=\"et4\" style=\"width: 51.50pt;\" width=\"103\">75<\/td>\n<td class=\"et4\" style=\"width: 51.50pt;\" width=\"103\">160<\/td>\n<td class=\"et4\" style=\"width: 51.50pt;\" width=\"103\">695<\/td>\n<td class=\"et4\" style=\"width: 51.50pt;\" width=\"103\">556<\/td>\n<td class=\"et4\" style=\"width: 51.50pt;\" width=\"103\">96<\/td>\n<\/tr>\n<tr style=\"height: 26.00pt;\">\n<td class=\"et3\" style=\"height: 26.00pt; width: 122.50pt;\" width=\"245\" height=\"52\">EK6-12\/31.5-250<\/td>\n<td class=\"et4\" style=\"width: 51.50pt;\" width=\"103\">250<\/td>\n<td class=\"et4\" style=\"width: 51.50pt;\" width=\"103\">75<\/td>\n<td class=\"et4\" style=\"width: 51.50pt;\" width=\"103\">160<\/td>\n<td class=\"et4\" style=\"width: 51.50pt;\" width=\"103\">735<\/td>\n<td class=\"et4\" style=\"width: 51.50pt;\" width=\"103\">596<\/td>\n<td class=\"et4\" style=\"width: 51.50pt;\" width=\"103\">96<\/td>\n<\/tr>\n<tr style=\"height: 26.00pt;\">\n<td class=\"et3\" style=\"height: 26.00pt; width: 122.50pt;\" width=\"245\" height=\"52\">EK6-12\/31.5-275<\/td>\n<td class=\"et4\" style=\"width: 51.50pt;\" width=\"103\">275<\/td>\n<td class=\"et4\" style=\"width: 51.50pt;\" width=\"103\">75<\/td>\n<td class=\"et4\" style=\"width: 51.50pt;\" width=\"103\">185<\/td>\n<td class=\"et4\" style=\"width: 51.50pt;\" width=\"103\">810<\/td>\n<td class=\"et4\" style=\"width: 51.50pt;\" width=\"103\">646<\/td>\n<td class=\"et4\" style=\"width: 51.50pt;\" width=\"103\">96<\/td>\n<\/tr>\n<\/tbody>\n<\/table>","protected":false},"excerpt":{"rendered":"<p>Professional indoor earthing switch for 12kV 24kV and 40.5kV switchgear. Features robust mechanical interlocking and high short circuit making capacity.<\/p>","protected":false},"featured_media":2993,"comment_status":"open","ping_status":"closed","template":"","meta":{"_seopress_robots_primary_cat":"none","_seopress_titles_title":"High Voltage Earthing Switch Manufacturer | Indoor Grounding Switch for Switchgear","_seopress_titles_desc":"Reliable high voltage earthing switch with robust interlocking. Designed for indoor MV switchgear. Compliant with IEC 62271 for OEM panel builders.","_seopress_robots_index":""},"product_brand":[],"product_cat":[25,46],"product_tag":[212,211],"class_list":{"0":"post-2989","1":"product","2":"type-product","3":"status-publish","4":"has-post-thumbnail","6":"product_cat-metal-clad-switchgear-components","7":"product_cat-earthing-switch","8":"product_tag-12kv-earthing-switch","9":"product_tag-earthing-switch","11":"first","12":"instock","13":"shipping-taxable","14":"product-type-simple"},"_links":{"self":[{"href":"https:\/\/niunielec.com\/pt\/wp-json\/wp\/v2\/product\/2989","targetHints":{"allow":["GET"]}}],"collection":[{"href":"https:\/\/niunielec.com\/pt\/wp-json\/wp\/v2\/product"}],"about":[{"href":"https:\/\/niunielec.com\/pt\/wp-json\/wp\/v2\/types\/product"}],"replies":[{"embeddable":true,"href":"https:\/\/niunielec.com\/pt\/wp-json\/wp\/v2\/comments?post=2989"}],"wp:featuredmedia":[{"embeddable":true,"href":"https:\/\/niunielec.com\/pt\/wp-json\/wp\/v2\/media\/2993"}],"wp:attachment":[{"href":"https:\/\/niunielec.com\/pt\/wp-json\/wp\/v2\/media?parent=2989"}],"wp:term":[{"taxonomy":"product_brand","embeddable":true,"href":"https:\/\/niunielec.com\/pt\/wp-json\/wp\/v2\/product_brand?post=2989"},{"taxonomy":"product_cat","embeddable":true,"href":"https:\/\/niunielec.com\/pt\/wp-json\/wp\/v2\/product_cat?post=2989"},{"taxonomy":"product_tag","embeddable":true,"href":"https:\/\/niunielec.com\/pt\/wp-json\/wp\/v2\/product_tag?post=2989"}],"curies":[{"name":"wp","href":"https:\/\/api.w.org\/{rel}","templated":true}]}}