{"id":2896,"date":"2026-03-30T05:34:31","date_gmt":"2026-03-30T05:34:31","guid":{"rendered":"https:\/\/niunielec.com\/?post_type=product&#038;p=2896"},"modified":"2026-03-31T05:12:46","modified_gmt":"2026-03-31T05:12:46","slug":"5-digit-mechanical-stroke-counter-for-vacuum-circuit-breaker-vcb-operation-monitoring","status":"publish","type":"product","link":"https:\/\/niunielec.com\/pt\/product\/5-digit-mechanical-stroke-counter-for-vacuum-circuit-breaker-vcb-operation-monitoring\/","title":{"rendered":"Contador de curso mec\u00e2nico de 5 d\u00edgitos para monitoramento da opera\u00e7\u00e3o do disjuntor a v\u00e1cuo (VCB)"},"content":{"rendered":"<h2 id=\"h2-1\"><span style=\"font-size: 75%;\"><strong>Contador de curso mec\u00e2nico de 5 d\u00edgitos para monitoramento da opera\u00e7\u00e3o do disjuntor a v\u00e1cuo (VCB)<\/strong><\/span><\/h2>\n<div class=\"qk-md-paragraph\"><strong class=\"qk-md-strong complete\"><span class=\"qk-md-text complete\" data-spm-anchor-id=\"5176.28103460.0.i75.3d1b7551U6zXbC\">Descri\u00e7\u00e3o do produto<\/span><\/strong><\/div>\n<div class=\"qk-md-paragraph\"><\/div>\n<div class=\"qk-md-paragraph\"><span class=\"qk-md-text complete\">This<strong>\u00a0<\/strong><\/span><strong class=\"qk-md-strong complete\"><span class=\"qk-md-text complete\">mechanical stroke counter<\/span><\/strong><span class=\"qk-md-text complete\"><strong>\u00a0<\/strong>is specifically engineered for integration into\u00a0<\/span><a href=\"https:\/\/niunielec.com\/pt\/product-category\/vacuum-circuit-breaker\/\"><strong class=\"qk-md-strong complete\"><span class=\"qk-md-text complete\">vacuum circuit breaker (VCB)<\/span><\/strong><\/a><span class=\"qk-md-text complete\">\u00a0systems to monitor and record the number of operational cycles. It features a robust spring-actuated pulling mechanism that reliably increments the count with each breaker operation, providing critical data for preventive maintenance and service life assessment.<\/span><\/div>\n<div class=\"qk-md-paragraph\"><span class=\"qk-md-text complete\">Principais carater\u00edsticas e aplica\u00e7\u00f5es:<\/span><\/div>\n<ul class=\"qk-md-ul\">\n<li class=\"qk-md-li complete\"><strong class=\"qk-md-strong complete\"><span class=\"qk-md-text complete\">5-digit mechanical display<\/span><\/strong><span class=\"qk-md-text complete\">: Clear, easy-to-read numerical readout for precise cycle tracking.<\/span><\/li>\n<li class=\"qk-md-li complete\"><strong class=\"qk-md-strong complete\"><span class=\"qk-md-text complete\">Spring-actuated mechanism<\/span><\/strong><span class=\"qk-md-text complete\">: Ensures consistent and accurate counting without electronic components, ideal for harsh industrial environments.<\/span><\/li>\n<li class=\"qk-md-li complete\"><strong class=\"qk-md-strong complete\"><span class=\"qk-md-text complete\">VCB integration<\/span><\/strong><span class=\"qk-md-text complete\">: Designed to mount directly onto\u00a0<\/span><span class=\"qk-md-text complete\">vacuum circuit breakers<\/span><span class=\"qk-md-text complete\">, making it essential for power distribution systems, substations, and industrial control panels.<\/span><\/li>\n<li class=\"qk-md-li complete\"><strong class=\"qk-md-strong complete\"><span class=\"qk-md-text complete\">Maintenance planning<\/span><\/strong><span class=\"qk-md-text complete\">: Helps engineers schedule inspections and replacements based on actual usage, enhancing system reliability and safety.<\/span><\/li>\n<\/ul>\n<h3><strong><span style=\"font-size: 75%;\">Contador de curso mec\u00e2nico de 5 d\u00edgitos para monitoramento da opera\u00e7\u00e3o do disjuntor a v\u00e1cuo (VCB)<\/span><\/strong><\/h3>\n<p><strong>Desenho<\/strong><\/p>\n<p><img loading=\"lazy\" decoding=\"async\" class=\"size-medium wp-image-2901\" src=\"https:\/\/niunielec.com\/wp-content\/uploads\/2026\/03\/5-digit-mechanical-stroke-counter-for-vacuum-circuit-breaker-vcb-operation-monitoring-drawing-768x448.webp\" alt=\"Contador de cursos mec\u00e2nico de 5 d\u00edgitos para monitoriza\u00e7\u00e3o do funcionamento do disjuntor de v\u00e1cuo (vcb)\" width=\"768\" height=\"448\" srcset=\"https:\/\/niunielec.com\/wp-content\/uploads\/2026\/03\/5-digit-mechanical-stroke-counter-for-vacuum-circuit-breaker-vcb-operation-monitoring-drawing-768x448.webp 768w, https:\/\/niunielec.com\/wp-content\/uploads\/2026\/03\/5-digit-mechanical-stroke-counter-for-vacuum-circuit-breaker-vcb-operation-monitoring-drawing-1024x598.webp 1024w, https:\/\/niunielec.com\/wp-content\/uploads\/2026\/03\/5-digit-mechanical-stroke-counter-for-vacuum-circuit-breaker-vcb-operation-monitoring-drawing-440x257.webp 440w, https:\/\/niunielec.com\/wp-content\/uploads\/2026\/03\/5-digit-mechanical-stroke-counter-for-vacuum-circuit-breaker-vcb-operation-monitoring-drawing-1536x897.webp 1536w, https:\/\/niunielec.com\/wp-content\/uploads\/2026\/03\/5-digit-mechanical-stroke-counter-for-vacuum-circuit-breaker-vcb-operation-monitoring-drawing-2048x1196.webp 2048w, https:\/\/niunielec.com\/wp-content\/uploads\/2026\/03\/5-digit-mechanical-stroke-counter-for-vacuum-circuit-breaker-vcb-operation-monitoring-drawing-18x12.webp 18w, https:\/\/niunielec.com\/wp-content\/uploads\/2026\/03\/5-digit-mechanical-stroke-counter-for-vacuum-circuit-breaker-vcb-operation-monitoring-drawing-600x350.webp 600w\" sizes=\"auto, (max-width: 768px) 100vw, 768px\" \/><\/p>","protected":false},"excerpt":{"rendered":"<p><span class=\"qk-md-text complete\" data-spm-anchor-id=\"5176.28103460.0.i76.3d1b7551U6zXbC\">This\u00a0<\/span><span class=\"qk-md-text complete\">5-digit mechanical stroke counter<\/span><span class=\"qk-md-text complete\">\u00a0is a vital tool for monitoring the operational cycles of\u00a0<\/span><span class=\"qk-md-text complete\">disjuntores de v\u00e1cuo (VCB)<\/span><span class=\"qk-md-text complete\">. Its durable, spring-actuated design ensures accurate, maintenance-free counting, making it perfect for industrial and utility applications where reliability is paramount.<\/span><\/p>","protected":false},"featured_media":2899,"comment_status":"open","ping_status":"closed","template":"","meta":{"_seopress_robots_primary_cat":"none","_seopress_titles_title":"5-Digit Mechanical Stroke Counter for Vacuum Circuit Breaker Operation Monitoring","_seopress_titles_desc":"High-precision 5-digit mechanical stroke counter designed for vacuum circuit breaker (VCB) operation tracking.","_seopress_robots_index":""},"product_brand":[],"product_cat":[24,44],"product_tag":[205,206,204],"class_list":{"0":"post-2896","1":"product","2":"type-product","3":"status-publish","4":"has-post-thumbnail","6":"product_cat-vacuum-circuit-breaker-accessories","7":"product_cat-counter","8":"product_tag-mechanical-stroke-counter","9":"product_tag-vacuum-circuit-breaker-counter","10":"product_tag-vcb-operation-counter","12":"first","13":"instock","14":"shipping-taxable","15":"product-type-simple"},"_links":{"self":[{"href":"https:\/\/niunielec.com\/pt\/wp-json\/wp\/v2\/product\/2896","targetHints":{"allow":["GET"]}}],"collection":[{"href":"https:\/\/niunielec.com\/pt\/wp-json\/wp\/v2\/product"}],"about":[{"href":"https:\/\/niunielec.com\/pt\/wp-json\/wp\/v2\/types\/product"}],"replies":[{"embeddable":true,"href":"https:\/\/niunielec.com\/pt\/wp-json\/wp\/v2\/comments?post=2896"}],"wp:featuredmedia":[{"embeddable":true,"href":"https:\/\/niunielec.com\/pt\/wp-json\/wp\/v2\/media\/2899"}],"wp:attachment":[{"href":"https:\/\/niunielec.com\/pt\/wp-json\/wp\/v2\/media?parent=2896"}],"wp:term":[{"taxonomy":"product_brand","embeddable":true,"href":"https:\/\/niunielec.com\/pt\/wp-json\/wp\/v2\/product_brand?post=2896"},{"taxonomy":"product_cat","embeddable":true,"href":"https:\/\/niunielec.com\/pt\/wp-json\/wp\/v2\/product_cat?post=2896"},{"taxonomy":"product_tag","embeddable":true,"href":"https:\/\/niunielec.com\/pt\/wp-json\/wp\/v2\/product_tag?post=2896"}],"curies":[{"name":"wp","href":"https:\/\/api.w.org\/{rel}","templated":true}]}}