{"id":2876,"date":"2026-03-30T04:16:48","date_gmt":"2026-03-30T04:16:48","guid":{"rendered":"https:\/\/niunielec.com\/?post_type=product&#038;p=2876"},"modified":"2026-03-31T05:41:42","modified_gmt":"2026-03-31T05:41:42","slug":"lxw20-11-miniature-limit-switch-with-roller-plunger-for-automation-equipment","status":"publish","type":"product","link":"https:\/\/niunielec.com\/pt\/product\/lxw20-11-miniature-limit-switch-with-roller-plunger-for-automation-equipment\/","title":{"rendered":"LXW20-11 Interruptor de limite miniatura com \u00eambolo de rolo para equipamento de automa\u00e7\u00e3o"},"content":{"rendered":"<h2 id=\"h2-1\"><span style=\"font-size: 75%;\"><strong>LXW20-11 Interruptor de limite miniatura com \u00eambolo de rolo para equipamento de automa\u00e7\u00e3o<\/strong><\/span><\/h2>\n<div class=\"qk-md-paragraph\"><strong class=\"qk-md-strong complete\"><span class=\"qk-md-text complete\" data-spm-anchor-id=\"5176.28103460.0.i56.3d1b7551U6zXbC\">Descri\u00e7\u00e3o do produto<\/span><\/strong><\/div>\n<div><\/div>\n<div class=\"qk-md-paragraph\"><strong class=\"qk-md-strong complete\"><span class=\"qk-md-text complete\">Modelo: LXW20-11<\/span><\/strong><\/div>\n<div><\/div>\n<div class=\"qk-md-paragraph\"><span class=\"qk-md-text complete\">O\u00a0<\/span><span class=\"qk-md-text complete\">Interruptor de fim de curso miniatura LXW20-11<\/span><span class=\"qk-md-text complete\">\u00a0\u00e9 um componente de engenharia de precis\u00e3o concebido para a dete\u00e7\u00e3o exacta da posi\u00e7\u00e3o em sistemas de automa\u00e7\u00e3o industrial. Com uma caixa robusta em ABS azul e um atuador de \u00eambolo de rolo, este interrutor garante um funcionamento fi\u00e1vel em espa\u00e7os apertados e aplica\u00e7\u00f5es de ciclo elevado.<\/span><\/div>\n<div class=\"qk-md-paragraph\"><span class=\"qk-md-text complete\">Principais carater\u00edsticas e aplica\u00e7\u00f5es:<\/span><\/div>\n<ul class=\"qk-md-ul\">\n<li class=\"qk-md-li complete\"><strong class=\"qk-md-strong complete\"><span class=\"qk-md-text complete\">Elevadas classifica\u00e7\u00f5es el\u00e9ctricas<\/span><\/strong><span class=\"qk-md-text complete\">: Classificado para\u00a0<\/span><span class=\"qk-md-text complete\">AC-12 380V 16A<\/span><span class=\"qk-md-text complete\">\u00a0e\u00a0<\/span><span class=\"qk-md-text complete\">DC-12 250V 5A<\/span><span class=\"qk-md-text complete\">tornando-o adequado para controlar motores, solen\u00f3ides e outras cargas industriais.<\/span><\/li>\n<li class=\"qk-md-li complete\"><strong class=\"qk-md-strong complete\"><span class=\"qk-md-text complete\">Atuador de \u00eambolo de rolo<\/span><\/strong><span class=\"qk-md-text complete\">: Proporciona um funcionamento suave e de baixa fric\u00e7\u00e3o e prolonga a vida \u00fatil do interrutor em aplica\u00e7\u00f5es com acionamento frequente.<\/span><\/li>\n<li class=\"qk-md-li complete\"><strong class=\"qk-md-strong complete\"><span class=\"qk-md-text complete\">Design compacto<\/span><\/strong><span class=\"qk-md-text complete\">: O tamanho reduzido permite uma instala\u00e7\u00e3o f\u00e1cil em\u00a0<\/span><span class=\"qk-md-text complete\">pain\u00e9is de controlo<\/span><span class=\"qk-md-text complete\">\u00a0e m\u00e1quinas com espa\u00e7o limitado.<\/span><\/li>\n<li class=\"qk-md-li complete\"><strong class=\"qk-md-strong complete\"><span class=\"qk-md-text complete\">Utiliza\u00e7\u00e3o vers\u00e1til<\/span><\/strong><span class=\"qk-md-text complete\">: Comumente utilizado em\u00a0<\/span><span class=\"qk-md-text complete\">equipamento de automatiza\u00e7\u00e3o<\/span><span class=\"qk-md-text complete\">\u00a0tais como m\u00e1quinas de embalagem, transportadores e sistemas de manuseamento de materiais para detetar posi\u00e7\u00f5es de fim de curso ou de limite.<\/span><\/li>\n<\/ul>\n<h3><span style=\"font-size: 75%;\"><strong>Interruptor de fim de curso miniatura LXW20-11<\/strong><\/span><\/h3>\n<p><strong>Desenho<\/strong><\/p>\n<p><img loading=\"lazy\" decoding=\"async\" class=\"size-full wp-image-2879\" src=\"https:\/\/niunielec.com\/wp-content\/uploads\/2026\/03\/drawing-for-lxw20-11-miniature-limit-switch-with-roller-plunger-for-automation-equipment-2.webp\" alt=\"lxw20 11 interrutor de fim de curso miniatura com \u00eambolo de rolo para equipamento de automa\u00e7\u00e3o\" width=\"590\" height=\"526\" srcset=\"https:\/\/niunielec.com\/wp-content\/uploads\/2026\/03\/drawing-for-lxw20-11-miniature-limit-switch-with-roller-plunger-for-automation-equipment-2.webp 590w, https:\/\/niunielec.com\/wp-content\/uploads\/2026\/03\/drawing-for-lxw20-11-miniature-limit-switch-with-roller-plunger-for-automation-equipment-2-440x392.webp 440w, https:\/\/niunielec.com\/wp-content\/uploads\/2026\/03\/drawing-for-lxw20-11-miniature-limit-switch-with-roller-plunger-for-automation-equipment-2-13x12.webp 13w\" sizes=\"auto, (max-width: 590px) 100vw, 590px\" \/><\/p>","protected":false},"excerpt":{"rendered":"<p><span class=\"qk-md-text complete\" data-spm-anchor-id=\"5176.28103460.0.i57.3d1b7551U6zXbC\">O\u00a0<\/span><span class=\"qk-md-text complete\">Interruptor de fim de curso miniatura LXW20-11<\/span><span class=\"qk-md-text complete\">\u00a0\u00e9 uma solu\u00e7\u00e3o compacta e de elevado desempenho para a dete\u00e7\u00e3o de posi\u00e7\u00e3o em aplica\u00e7\u00f5es industriais. Com um atuador de \u00eambolo de rolo e classifica\u00e7\u00f5es el\u00e9ctricas robustas, assegura um funcionamento fi\u00e1vel em\u00a0<\/span><span class=\"qk-md-text complete\">equipamento de automatiza\u00e7\u00e3o<\/span><span class=\"qk-md-text complete\">\u00a0e\u00a0<\/span><span class=\"qk-md-text complete\">pain\u00e9is de controlo<\/span><span class=\"qk-md-text complete\">.<\/span><\/p>","protected":false},"featured_media":2880,"comment_status":"open","ping_status":"closed","template":"","meta":{"_seopress_robots_primary_cat":"none","_seopress_titles_title":"LXW20-11 Miniature Limit Switch with Roller Plunger for Automation Equipment","_seopress_titles_desc":"Compact LXW20-11 limit switch with roller plunger actuator. Rated AC-12 380V 16A and DC-12 250V 5A. Ideal for automation equipment and control panels. Durable, precise, and reliable.","_seopress_robots_index":""},"product_brand":[],"product_cat":[24,42],"product_tag":[198,199,200],"class_list":{"0":"post-2876","1":"product","2":"type-product","3":"status-publish","4":"has-post-thumbnail","6":"product_cat-vacuum-circuit-breaker-accessories","7":"product_cat-auxiliary-switch","8":"product_tag-lxw20-11-limit-switch","9":"product_tag-miniature-limit-switch","10":"product_tag-roller-plunger-switch","12":"first","13":"instock","14":"shipping-taxable","15":"product-type-simple"},"_links":{"self":[{"href":"https:\/\/niunielec.com\/pt\/wp-json\/wp\/v2\/product\/2876","targetHints":{"allow":["GET"]}}],"collection":[{"href":"https:\/\/niunielec.com\/pt\/wp-json\/wp\/v2\/product"}],"about":[{"href":"https:\/\/niunielec.com\/pt\/wp-json\/wp\/v2\/types\/product"}],"replies":[{"embeddable":true,"href":"https:\/\/niunielec.com\/pt\/wp-json\/wp\/v2\/comments?post=2876"}],"wp:featuredmedia":[{"embeddable":true,"href":"https:\/\/niunielec.com\/pt\/wp-json\/wp\/v2\/media\/2880"}],"wp:attachment":[{"href":"https:\/\/niunielec.com\/pt\/wp-json\/wp\/v2\/media?parent=2876"}],"wp:term":[{"taxonomy":"product_brand","embeddable":true,"href":"https:\/\/niunielec.com\/pt\/wp-json\/wp\/v2\/product_brand?post=2876"},{"taxonomy":"product_cat","embeddable":true,"href":"https:\/\/niunielec.com\/pt\/wp-json\/wp\/v2\/product_cat?post=2876"},{"taxonomy":"product_tag","embeddable":true,"href":"https:\/\/niunielec.com\/pt\/wp-json\/wp\/v2\/product_tag?post=2876"}],"curies":[{"name":"wp","href":"https:\/\/api.w.org\/{rel}","templated":true}]}}