{"id":2860,"date":"2026-03-30T02:03:36","date_gmt":"2026-03-30T02:03:36","guid":{"rendered":"https:\/\/niunielec.com\/?post_type=product&#038;p=2860"},"modified":"2026-03-31T05:56:32","modified_gmt":"2026-03-31T05:56:32","slug":"f10-12-iii-ld-gold-plated-vcb-auxiliary-switch-6no-6nc-for-vcb-high-voltage-switchgear","status":"publish","type":"product","link":"https:\/\/niunielec.com\/pt\/product\/f10-12-iii-ld-gold-plated-vcb-auxiliary-switch-6no-6nc-for-vcb-high-voltage-switchgear\/","title":{"rendered":"F10-12 III LD Interruptor auxiliar VCB banhado a ouro 6NO 6NC para aparelhagem de alta tens\u00e3o"},"content":{"rendered":"<h2 id=\"h2-1\"><span style=\"font-size: 75%;\"><strong>F10-12 III LD Interruptor auxiliar VCB banhado a ouro 6NO 6NC para aparelhagem de alta tens\u00e3o<\/strong><\/span><\/h2>\n<div class=\"qk-md-paragraph\"><strong class=\"qk-md-strong complete\"><span class=\"qk-md-text complete\" data-spm-anchor-id=\"5176.28103460.0.i39.3d1b7551U6zXbC\">Descri\u00e7\u00e3o do produto<\/span><\/strong><\/div>\n<div><\/div>\n<div class=\"qk-md-paragraph\"><strong class=\"qk-md-strong complete\"><span class=\"qk-md-text complete\">Modelo: F10-12 III LD<\/span><\/strong><\/div>\n<div><\/div>\n<div class=\"qk-md-paragraph\"><span class=\"qk-md-text complete\">O\u00a0<\/span><span class=\"qk-md-text complete\">F10-12 III Interruptor auxiliar LD<\/span><span class=\"qk-md-text complete\">\u00a0\u00e9 um componente el\u00e9trico de qualidade superior concebido para aplica\u00e7\u00f5es de elevada fiabilidade em ambientes de alta tens\u00e3o. Este modelo apresenta\u00a0<\/span><span class=\"qk-md-text complete\">contactos banhados a ouro<\/span><span class=\"qk-md-text complete\">que proporcionam uma resist\u00eancia superior \u00e0 corros\u00e3o e uma baixa resist\u00eancia ao contacto, assegurando uma transmiss\u00e3o est\u00e1vel do sinal, mesmo em condi\u00e7\u00f5es adversas.<\/span><\/div>\n<div class=\"qk-md-paragraph\"><span class=\"qk-md-text complete\">As principais carater\u00edsticas incluem:<\/span><\/div>\n<ul class=\"qk-md-ul\">\n<li class=\"qk-md-li complete\"><strong class=\"qk-md-strong complete\"><span class=\"qk-md-text complete\">Contactos banhados a ouro<\/span><\/strong><span class=\"qk-md-text complete\">: Aumenta a durabilidade e a condutividade.<\/span><\/li>\n<li class=\"qk-md-li complete\"><strong class=\"qk-md-strong complete\"><span class=\"qk-md-text complete\">Configura\u00e7\u00e3o 6NO 6NC<\/span><\/strong><span class=\"qk-md-text complete\">: Oferece op\u00e7\u00f5es de controlo vers\u00e1teis para circuitos complexos.<\/span><\/li>\n<li class=\"qk-md-li complete\"><strong class=\"qk-md-strong complete\"><span class=\"qk-md-text complete\">Conce\u00e7\u00e3o robusta<\/span><\/strong><span class=\"qk-md-text complete\">: Concebida para resistir a grandes esfor\u00e7os mec\u00e2nicos e el\u00e9ctricos.<\/span><\/li>\n<li class=\"qk-md-li complete\"><strong class=\"qk-md-strong complete\"><span class=\"qk-md-text complete\">Compatibilidade<\/span><\/strong><span class=\"qk-md-text complete\">: Especificamente concebido para integra\u00e7\u00e3o com\u00a0<\/span><span class=\"qk-md-text complete\">disjuntores de v\u00e1cuo (VCB)<\/span><span class=\"qk-md-text complete\">\u00a0e comutadores de alta tens\u00e3o.<\/span><\/li>\n<\/ul>\n<div class=\"qk-md-paragraph\"><span class=\"qk-md-text complete\">Ideal para utiliza\u00e7\u00e3o em pain\u00e9is de controlo industrial, centrais el\u00e9ctricas e subesta\u00e7\u00f5es el\u00e9ctricas, este interrutor auxiliar assegura uma indica\u00e7\u00e3o precisa do estado e um funcionamento fi\u00e1vel.<\/span><\/div>\n<div><\/div>\n<h3><span style=\"font-size: 75%;\"><strong>F10-12 III LD Interruptor auxiliar VCB banhado a ouro 6NO 6NC<\/strong><\/span><\/h3>\n<div><strong>Desenho<\/strong><\/div>\n<div>\n<p><img loading=\"lazy\" decoding=\"async\" class=\"size-medium wp-image-2864\" src=\"https:\/\/niunielec.com\/wp-content\/uploads\/2026\/03\/f10-12-iii-ld-gold-plated-auxiliary-switch-6no-6nc-for-vcb-high-voltage-switchgear-drawing-768x550.webp\" alt=\"f10 12 iii ld interrutor auxiliar banhado a ouro 6no 6nc para aparelhagem de alta tens\u00e3o vcb\" width=\"768\" height=\"550\" srcset=\"https:\/\/niunielec.com\/wp-content\/uploads\/2026\/03\/f10-12-iii-ld-gold-plated-auxiliary-switch-6no-6nc-for-vcb-high-voltage-switchgear-drawing-768x550.webp 768w, https:\/\/niunielec.com\/wp-content\/uploads\/2026\/03\/f10-12-iii-ld-gold-plated-auxiliary-switch-6no-6nc-for-vcb-high-voltage-switchgear-drawing-1024x733.webp 1024w, https:\/\/niunielec.com\/wp-content\/uploads\/2026\/03\/f10-12-iii-ld-gold-plated-auxiliary-switch-6no-6nc-for-vcb-high-voltage-switchgear-drawing-440x315.webp 440w, https:\/\/niunielec.com\/wp-content\/uploads\/2026\/03\/f10-12-iii-ld-gold-plated-auxiliary-switch-6no-6nc-for-vcb-high-voltage-switchgear-drawing-18x12.webp 18w, https:\/\/niunielec.com\/wp-content\/uploads\/2026\/03\/f10-12-iii-ld-gold-plated-auxiliary-switch-6no-6nc-for-vcb-high-voltage-switchgear-drawing-600x430.webp 600w, https:\/\/niunielec.com\/wp-content\/uploads\/2026\/03\/f10-12-iii-ld-gold-plated-auxiliary-switch-6no-6nc-for-vcb-high-voltage-switchgear-drawing.webp 1099w\" sizes=\"auto, (max-width: 768px) 100vw, 768px\" \/><\/p>\n<\/div>","protected":false},"excerpt":{"rendered":"<p><span class=\"qk-md-text complete\" data-spm-anchor-id=\"5176.28103460.0.i40.3d1b7551U6zXbC\">O\u00a0<\/span><span class=\"qk-md-text complete\">F10-12 III Interruptor auxiliar LD VCB<\/span><span class=\"qk-md-text complete\">\u00a0possui contactos banhados a ouro e uma configura\u00e7\u00e3o 6NO 6NC, tornando-o ideal para\u00a0<\/span><span class=\"qk-md-text complete\">VCB<\/span><span class=\"qk-md-text complete\">\u00a0e\u00a0<\/span><span class=\"qk-md-text complete\">aparelhagem de alta tens\u00e3o<\/span><span class=\"qk-md-text complete\">\u00a0aplica\u00e7\u00f5es. A sua conce\u00e7\u00e3o robusta garante um desempenho fi\u00e1vel em sistemas de controlo industrial.<\/span><\/p>","protected":false},"featured_media":2863,"comment_status":"open","ping_status":"closed","template":"","meta":{"_seopress_robots_primary_cat":"none","_seopress_titles_title":"F10-12 III LD Gold-Plated VCB Auxiliary Switch 6NO 6NC for High Voltage Switchgear","_seopress_titles_desc":"High-performance F10-12 III LD VCB auxiliary switch with gold-plated contacts and 6NO 6NC configuration. Designed for vacuum circuit breaker and high voltage switchgear. Reliable for industrial control.","_seopress_robots_index":""},"product_brand":[],"product_cat":[24,42],"product_tag":[189,190],"class_list":{"0":"post-2860","1":"product","2":"type-product","3":"status-publish","4":"has-post-thumbnail","6":"product_cat-vacuum-circuit-breaker-accessories","7":"product_cat-auxiliary-switch","8":"product_tag-auxiliary-switch","9":"product_tag-auxiliary-switch-for-switchgear","11":"first","12":"instock","13":"shipping-taxable","14":"product-type-simple"},"_links":{"self":[{"href":"https:\/\/niunielec.com\/pt\/wp-json\/wp\/v2\/product\/2860","targetHints":{"allow":["GET"]}}],"collection":[{"href":"https:\/\/niunielec.com\/pt\/wp-json\/wp\/v2\/product"}],"about":[{"href":"https:\/\/niunielec.com\/pt\/wp-json\/wp\/v2\/types\/product"}],"replies":[{"embeddable":true,"href":"https:\/\/niunielec.com\/pt\/wp-json\/wp\/v2\/comments?post=2860"}],"wp:featuredmedia":[{"embeddable":true,"href":"https:\/\/niunielec.com\/pt\/wp-json\/wp\/v2\/media\/2863"}],"wp:attachment":[{"href":"https:\/\/niunielec.com\/pt\/wp-json\/wp\/v2\/media?parent=2860"}],"wp:term":[{"taxonomy":"product_brand","embeddable":true,"href":"https:\/\/niunielec.com\/pt\/wp-json\/wp\/v2\/product_brand?post=2860"},{"taxonomy":"product_cat","embeddable":true,"href":"https:\/\/niunielec.com\/pt\/wp-json\/wp\/v2\/product_cat?post=2860"},{"taxonomy":"product_tag","embeddable":true,"href":"https:\/\/niunielec.com\/pt\/wp-json\/wp\/v2\/product_tag?post=2860"}],"curies":[{"name":"wp","href":"https:\/\/api.w.org\/{rel}","templated":true}]}}