{"id":2843,"date":"2026-03-27T08:19:36","date_gmt":"2026-03-27T08:19:36","guid":{"rendered":"https:\/\/niunielec.com\/?post_type=product&#038;p=2843"},"modified":"2026-03-31T06:08:50","modified_gmt":"2026-03-31T06:08:50","slug":"f10-10-iii-ld-10-pole-rotary-auxiliary-switch-for-12kv-40-5kv-circuit-breaker-secondary-control","status":"publish","type":"product","link":"https:\/\/niunielec.com\/pt\/product\/f10-10-iii-ld-10-pole-rotary-auxiliary-switch-for-12kv-40-5kv-circuit-breaker-secondary-control\/","title":{"rendered":"F10-10 III LD Interruptor auxiliar rotativo de 10 p\u00f3los para controlo secund\u00e1rio de disjuntor de 12kV 40,5kV"},"content":{"rendered":"<h2 id=\"h2-1\"><span style=\"font-size: 75%;\"><strong>F10-10 III LD Interruptor auxiliar rotativo de 10 p\u00f3los para controlo secund\u00e1rio de disjuntor de 12kV 40,5kV<\/strong><\/span><\/h2>\n<p><strong>Descri\u00e7\u00e3o do produto<\/strong><\/p>\n<div><strong>Modelo: F10-10 III \/LD<\/strong><\/div>\n<ul>\n<li><strong>Cen\u00e1rios de aplica\u00e7\u00f5es principais<\/strong>: Concebido como um <strong>F10-10 III \/LD interrutor auxiliar<\/strong> para aparelhagem de alta tens\u00e3o de 12kV-40,5kV e disjuntores de v\u00e1cuo, amplamente utilizados em subesta\u00e7\u00f5es de distribui\u00e7\u00e3o de energia, centrais el\u00e9ctricas industriais e projectos de automatiza\u00e7\u00e3o de redes inteligentes.<\/li>\n<li><strong>Tecla Fun\u00e7\u00e3o de opera\u00e7\u00e3o rotativa<\/strong>: Actua como uma precis\u00e3o <strong>interrutor de contacto auxiliar rotativo<\/strong> para fornecer comuta\u00e7\u00e3o de sinal de 10 p\u00f3los e feedback de posi\u00e7\u00e3o, assegurando uma monitoriza\u00e7\u00e3o precisa das posi\u00e7\u00f5es de teste\/trabalho do disjuntor durante as opera\u00e7\u00f5es de manuten\u00e7\u00e3o e de comuta\u00e7\u00e3o do sistema de energia.<\/li>\n<li><strong>Design industrial robusto<\/strong>: A robusta caixa de metal fundido e o mecanismo rotativo de engenharia de precis\u00e3o proporcionam uma vida mec\u00e2nica prolongada, ideal para funcionamento repetido em ambientes industriais e de subesta\u00e7\u00f5es dif\u00edceis.<\/li>\n<li><strong>Capacidade de controlo multi-canal<\/strong>: A estrutura compacta de 10 p\u00f3los satisfaz os requisitos complexos do sinal de controlo secund\u00e1rio, sendo perfeitamente adequada para a automatiza\u00e7\u00e3o de redes el\u00e9ctricas em grande escala e sistemas de distribui\u00e7\u00e3o de energia industrial.<\/li>\n<li><strong>Integra\u00e7\u00e3o perfeita<\/strong>: A interface de montagem padr\u00e3o garante uma f\u00e1cil integra\u00e7\u00e3o com a maioria dos modelos de comutadores e disjuntores, tornando-o um <strong>disjuntor interrutor de controlo secund\u00e1rio<\/strong> para integradores el\u00e9ctricos e fornecedores de servi\u00e7os de energia.<\/li>\n<li><strong>Seguran\u00e7a e conformidade<\/strong>: Em conformidade com as normas IEC 60947-5-1, com desempenho el\u00e9trico est\u00e1vel para evitar erros de sinal em cen\u00e1rios cr\u00edticos de transmiss\u00e3o e distribui\u00e7\u00e3o de energia.<\/li>\n<\/ul>\n<p><strong><b>N\u00fameros de contacto do interrutor auxiliar da s\u00e9rie F10<\/b><\/strong><\/p>\n<table>\n<tbody>\n<tr>\n<td><strong><b>N\u00famero<\/b><\/strong><\/td>\n<td><strong><b>1<\/b><\/strong><\/td>\n<td><strong><b>2<\/b><\/strong><\/td>\n<td><strong><b>3<\/b><\/strong><\/td>\n<td><strong><b>4<\/b><\/strong><\/td>\n<td><strong><b>5<\/b><\/strong><\/td>\n<td><strong><b>6<\/b><\/strong><\/td>\n<td><strong><b>7<\/b><\/strong><\/td>\n<td><strong><b>8<\/b><\/strong><\/td>\n<td><strong><b>9<\/b><\/strong><\/td>\n<td><strong><b>10<\/b><\/strong><\/td>\n<\/tr>\n<tr>\n<td>N\u00famero do contacto (normalmente aberto)<\/td>\n<td>1-3<\/td>\n<td>5-7<\/td>\n<td>9-11<\/td>\n<td>13-15<\/td>\n<td>17-19<\/td>\n<td>21-23<\/td>\n<td>25-27<\/td>\n<td>29-31<\/td>\n<td>33-35<\/td>\n<td>37-39<\/td>\n<\/tr>\n<tr>\n<td>N\u00famero do contacto (normalmente fechado)<\/td>\n<td>2-4<\/td>\n<td>6-8<\/td>\n<td>10-12<\/td>\n<td>14-16<\/td>\n<td>18-20<\/td>\n<td>22-24<\/td>\n<td>26-28<\/td>\n<td>30-32<\/td>\n<td>34-36<\/td>\n<td>38-40<\/td>\n<\/tr>\n<\/tbody>\n<\/table>\n<ul>\n<li>Classifica\u00e7\u00e3o da cor do alum\u00ednio (cinzento prateado, branco), processo de galvanoplastia (prateado, dourado)<\/li>\n<li>Pode ser personalizado de acordo com as necessidades do cliente.<\/li>\n<\/ul>\n<p><strong>Informa\u00e7\u00f5es sobre a encomenda<\/strong><\/p>\n<ol>\n<li>Nome do produto, modelo, quantidade<\/li>\n<li>Indicar o n\u00famero de pares de contactos e de juntas de comuta\u00e7\u00e3o, o tipo e o m\u00e9todo de instala\u00e7\u00e3o<\/li>\n<li>Se deve escolher acess\u00f3rios de liga\u00e7\u00e3o<\/li>\n<li>Se o utilizador tiver outros requisitos especiais, queira explicar<\/li>\n<\/ol>\n<h3><strong><span style=\"font-size: 75%;\">F10-10 III LD Interruptor auxiliar rotativo de 10 p\u00f3los para controlo secund\u00e1rio de disjuntor de 12kV 40,5kV<\/span><\/strong><\/h3>\n<p><strong>Desenho<\/strong><\/p>\n<div>\n<p><img loading=\"lazy\" decoding=\"async\" class=\"size-medium wp-image-2849\" src=\"https:\/\/niunielec.com\/wp-content\/uploads\/2026\/03\/f10-10-iii-ld-10-pole-rotary-auxiliary-switch-for-12kv-40.5kv-circuit-breaker-secondary-control-drawing-768x428.webp\" alt=\"f10 10 iii ld Interruptor auxiliar rotativo de 10 p\u00f3los para controlo secund\u00e1rio de disjuntor de 12kv 40,5kv\" width=\"768\" height=\"428\" srcset=\"https:\/\/niunielec.com\/wp-content\/uploads\/2026\/03\/f10-10-iii-ld-10-pole-rotary-auxiliary-switch-for-12kv-40.5kv-circuit-breaker-secondary-control-drawing-768x428.webp 768w, https:\/\/niunielec.com\/wp-content\/uploads\/2026\/03\/f10-10-iii-ld-10-pole-rotary-auxiliary-switch-for-12kv-40.5kv-circuit-breaker-secondary-control-drawing-1024x571.webp 1024w, https:\/\/niunielec.com\/wp-content\/uploads\/2026\/03\/f10-10-iii-ld-10-pole-rotary-auxiliary-switch-for-12kv-40.5kv-circuit-breaker-secondary-control-drawing-440x245.webp 440w, https:\/\/niunielec.com\/wp-content\/uploads\/2026\/03\/f10-10-iii-ld-10-pole-rotary-auxiliary-switch-for-12kv-40.5kv-circuit-breaker-secondary-control-drawing-18x10.webp 18w, https:\/\/niunielec.com\/wp-content\/uploads\/2026\/03\/f10-10-iii-ld-10-pole-rotary-auxiliary-switch-for-12kv-40.5kv-circuit-breaker-secondary-control-drawing-600x335.webp 600w, https:\/\/niunielec.com\/wp-content\/uploads\/2026\/03\/f10-10-iii-ld-10-pole-rotary-auxiliary-switch-for-12kv-40.5kv-circuit-breaker-secondary-control-drawing.webp 1033w\" sizes=\"auto, (max-width: 768px) 100vw, 768px\" \/><\/p>\n<\/div>","protected":false},"excerpt":{"rendered":"<div>O interrutor auxiliar rotativo F10 10 III LD \u00e9 um interrutor de contacto auxiliar rotativo de 10 p\u00f3los para trabalhos pesados, concebido para disjuntores de 12kV 40,5kV, proporcionando uma comuta\u00e7\u00e3o de sinal multicanal fi\u00e1vel para sistemas de controlo secund\u00e1rio de subesta\u00e7\u00f5es de energia.<\/div>\n<div><\/div>","protected":false},"featured_media":2848,"comment_status":"open","ping_status":"closed","template":"","meta":{"_seopress_robots_primary_cat":"none","_seopress_titles_title":"F10-10 III LD 10 Pole Rotary Auxiliary Switch For 12kV 40.5kV Circuit Breaker Secondary Control","_seopress_titles_desc":"The F10-10 III LD rotary auxiliary switch is a 10-pole rotary auxiliary contact switch for 12kV 40.5kV circuit breakers, enabling reliable multi-channel signal switching in power substation secondary control systems.","_seopress_robots_index":""},"product_brand":[],"product_cat":[24,42],"product_tag":[189,193,194],"class_list":{"0":"post-2843","1":"product","2":"type-product","3":"status-publish","4":"has-post-thumbnail","6":"product_cat-vacuum-circuit-breaker-accessories","7":"product_cat-auxiliary-switch","8":"product_tag-auxiliary-switch","9":"product_tag-auxiliary-switch-for-vcb","10":"product_tag-f10-series-auxiliary-switch","12":"first","13":"instock","14":"shipping-taxable","15":"product-type-simple"},"_links":{"self":[{"href":"https:\/\/niunielec.com\/pt\/wp-json\/wp\/v2\/product\/2843","targetHints":{"allow":["GET"]}}],"collection":[{"href":"https:\/\/niunielec.com\/pt\/wp-json\/wp\/v2\/product"}],"about":[{"href":"https:\/\/niunielec.com\/pt\/wp-json\/wp\/v2\/types\/product"}],"replies":[{"embeddable":true,"href":"https:\/\/niunielec.com\/pt\/wp-json\/wp\/v2\/comments?post=2843"}],"wp:featuredmedia":[{"embeddable":true,"href":"https:\/\/niunielec.com\/pt\/wp-json\/wp\/v2\/media\/2848"}],"wp:attachment":[{"href":"https:\/\/niunielec.com\/pt\/wp-json\/wp\/v2\/media?parent=2843"}],"wp:term":[{"taxonomy":"product_brand","embeddable":true,"href":"https:\/\/niunielec.com\/pt\/wp-json\/wp\/v2\/product_brand?post=2843"},{"taxonomy":"product_cat","embeddable":true,"href":"https:\/\/niunielec.com\/pt\/wp-json\/wp\/v2\/product_cat?post=2843"},{"taxonomy":"product_tag","embeddable":true,"href":"https:\/\/niunielec.com\/pt\/wp-json\/wp\/v2\/product_tag?post=2843"}],"curies":[{"name":"wp","href":"https:\/\/api.w.org\/{rel}","templated":true}]}}