{"id":2736,"date":"2026-03-26T06:21:44","date_gmt":"2026-03-26T06:21:44","guid":{"rendered":"https:\/\/niunielec.com\/?post_type=product&#038;p=2736"},"modified":"2026-03-31T07:24:01","modified_gmt":"2026-03-31T07:24:01","slug":"dpc-4a-550-draw-out-chassis-for-handcart-type-vacuum-circuit-breakers","status":"publish","type":"product","link":"https:\/\/niunielec.com\/pt\/product\/dpc-4a-550-draw-out-chassis-for-handcart-type-vacuum-circuit-breakers\/","title":{"rendered":"DPC-4A-550 Chassis de extra\u00e7\u00e3o para disjuntores de v\u00e1cuo do tipo carrinho de m\u00e3o"},"content":{"rendered":"<h2 id=\"h2-1\"><strong><span style=\"font-size: 75%;\">DPC-4A-550 Chassis de extra\u00e7\u00e3o para disjuntores de v\u00e1cuo do tipo carrinho de m\u00e3o<\/span><\/strong><\/h2>\n<h2 id=\"h2-2\"><span style=\"font-size: 75%;\"><strong>Detalhes do produto<\/strong><\/span><\/h2>\n<div>O nosso chassis DPC-4A-550 (combinado com VD4 VCB) \u00e9 um mecanismo de extra\u00e7\u00e3o de precis\u00e3o concebido para a parte inferior do <a href=\"https:\/\/niunielec.com\/pt\/product\/lateral-type-vacuum-circuit-breaker\/\"><strong>disjuntores de v\u00e1cuo do tipo carrinho de m\u00e3o<\/strong><\/a>. Como profissional <a href=\"https:\/\/niunielec.com\/pt\/product-category\/vacuum-circuit-breaker\/\"><strong>Fabricante de chassis de disjuntor na China<\/strong><\/a>A nossa empresa fornece solu\u00e7\u00f5es fi\u00e1veis e de funcionamento suave para sistemas de comuta\u00e7\u00e3o de m\u00e9dia tens\u00e3o.<\/div>\n<div><\/div>\n<ul>\n<li>\n<div>\n<p><strong>Fun\u00e7\u00e3o principal e conce\u00e7\u00e3o:<\/strong><\/p>\n<p>Este chassis resistente permite a inser\u00e7\u00e3o e extra\u00e7\u00e3o seguras e precisas de disjuntores de extra\u00e7\u00e3o em arm\u00e1rios de distribui\u00e7\u00e3o. Possui uma estrutura met\u00e1lica robusta, sistema de rolos guiados e acionamento manual por parafuso para garantir um movimento est\u00e1vel e um posicionamento preciso.<\/p>\n<\/div>\n<\/li>\n<li>\n<div>\n<p><strong>Compatibilidade e aplica\u00e7\u00e3o:<\/strong><\/p>\n<p>Concebido para disjuntores de carrinho de m\u00e3o comuns de m\u00e9dia tens\u00e3o, adequado para subesta\u00e7\u00f5es de comuta\u00e7\u00e3o interiores, sistemas de energia industrial e instala\u00e7\u00f5es de distribui\u00e7\u00e3o de energia. Suporta o passo padr\u00e3o de 550 mm para uma f\u00e1cil integra\u00e7\u00e3o.<\/p>\n<\/div>\n<\/li>\n<li>\n<div>\n<p><strong>Desempenho e durabilidade:<\/strong><\/p>\n<p>Fabricado em a\u00e7o galvanizado de alta resist\u00eancia com maquina\u00e7\u00e3o de precis\u00e3o, proporcionando uma excelente resist\u00eancia \u00e0 corros\u00e3o e estabilidade mec\u00e2nica. Garante uma longa vida \u00fatil em caso de funcionamento frequente.<\/p>\n<\/div>\n<\/li>\n<li>\n<div>\n<p><strong>Qualidade e fornecimento:<\/strong><\/p>\n<p>Fabricado na China em conformidade com as normas IEC. Fornecemos fornecimentos a granel e entregas r\u00e1pidas para a \u00c1sia, Europa, M\u00e9dio Oriente e outras regi\u00f5es do mundo.<\/p>\n<p>&nbsp;<\/p>\n<\/div>\n<\/li>\n<\/ul>\n<h3><strong><span style=\"font-size: 75%;\">DPC-4A-550 Chassis de extra\u00e7\u00e3o para disjuntores de v\u00e1cuo do tipo carrinho de m\u00e3o<\/span><\/strong><\/h3>\n<p><strong>Desenho<\/strong><\/p>\n<p><img loading=\"lazy\" decoding=\"async\" class=\"size-medium wp-image-2741\" src=\"https:\/\/niunielec.com\/wp-content\/uploads\/2026\/03\/dpc-4a-550-drawout-chassis-for-handcart-type-vacuum-circuit-breakers-drawing-768x500.webp\" alt=\"desenho do quadro de extra\u00e7\u00e3o dpc 4a 550 para disjuntores de v\u00e1cuo do tipo carrinho de m\u00e3o\" width=\"768\" height=\"500\" srcset=\"https:\/\/niunielec.com\/wp-content\/uploads\/2026\/03\/dpc-4a-550-drawout-chassis-for-handcart-type-vacuum-circuit-breakers-drawing-768x500.webp 768w, https:\/\/niunielec.com\/wp-content\/uploads\/2026\/03\/dpc-4a-550-drawout-chassis-for-handcart-type-vacuum-circuit-breakers-drawing-1024x666.webp 1024w, https:\/\/niunielec.com\/wp-content\/uploads\/2026\/03\/dpc-4a-550-drawout-chassis-for-handcart-type-vacuum-circuit-breakers-drawing-440x286.webp 440w, https:\/\/niunielec.com\/wp-content\/uploads\/2026\/03\/dpc-4a-550-drawout-chassis-for-handcart-type-vacuum-circuit-breakers-drawing-18x12.webp 18w, https:\/\/niunielec.com\/wp-content\/uploads\/2026\/03\/dpc-4a-550-drawout-chassis-for-handcart-type-vacuum-circuit-breakers-drawing-600x390.webp 600w, https:\/\/niunielec.com\/wp-content\/uploads\/2026\/03\/dpc-4a-550-drawout-chassis-for-handcart-type-vacuum-circuit-breakers-drawing.webp 1050w\" sizes=\"auto, (max-width: 768px) 100vw, 768px\" \/><\/p>\n<p>&nbsp;<\/p>\n<p>&nbsp;<\/p>","protected":false},"excerpt":{"rendered":"<p>Chassis DPC-4A-550 para <a href=\"https:\/\/niunielec.com\/pt\/product\/lateral-type-vacuum-circuit-breaker\/\"><strong>disjuntores de v\u00e1cuo do tipo carrinho de m\u00e3o<\/strong><\/a>. Como um fabricante confi\u00e1vel de chassis de disjuntor na China, oferecemos solu\u00e7\u00f5es est\u00e1veis e dur\u00e1veis para uma opera\u00e7\u00e3o confi\u00e1vel de comuta\u00e7\u00e3o em todo o mundo.<\/p>","protected":false},"featured_media":2740,"comment_status":"open","ping_status":"closed","template":"","meta":{"_seopress_robots_primary_cat":"none","_seopress_titles_title":"DPC-4A-550 Draw out Chassis for Handcart Type Vacuum Circuit Breakers","_seopress_titles_desc":"DPC-4A-550 Draw out chassis circuit breaker for handcart type vacuum circuit breakers. Smooth insertion and extraction for switchgear. China manufacturer supplies reliable solutions for global power distribution.","_seopress_robots_index":""},"product_brand":[],"product_cat":[24,41],"product_tag":[185,186],"class_list":{"0":"post-2736","1":"product","2":"type-product","3":"status-publish","4":"has-post-thumbnail","6":"product_cat-vacuum-circuit-breaker-accessories","7":"product_cat-chassis-truck","8":"product_tag-circuit-breaker-chassis-truck","9":"product_tag-vcb-accessories","11":"first","12":"instock","13":"shipping-taxable","14":"product-type-simple"},"_links":{"self":[{"href":"https:\/\/niunielec.com\/pt\/wp-json\/wp\/v2\/product\/2736","targetHints":{"allow":["GET"]}}],"collection":[{"href":"https:\/\/niunielec.com\/pt\/wp-json\/wp\/v2\/product"}],"about":[{"href":"https:\/\/niunielec.com\/pt\/wp-json\/wp\/v2\/types\/product"}],"replies":[{"embeddable":true,"href":"https:\/\/niunielec.com\/pt\/wp-json\/wp\/v2\/comments?post=2736"}],"wp:featuredmedia":[{"embeddable":true,"href":"https:\/\/niunielec.com\/pt\/wp-json\/wp\/v2\/media\/2740"}],"wp:attachment":[{"href":"https:\/\/niunielec.com\/pt\/wp-json\/wp\/v2\/media?parent=2736"}],"wp:term":[{"taxonomy":"product_brand","embeddable":true,"href":"https:\/\/niunielec.com\/pt\/wp-json\/wp\/v2\/product_brand?post=2736"},{"taxonomy":"product_cat","embeddable":true,"href":"https:\/\/niunielec.com\/pt\/wp-json\/wp\/v2\/product_cat?post=2736"},{"taxonomy":"product_tag","embeddable":true,"href":"https:\/\/niunielec.com\/pt\/wp-json\/wp\/v2\/product_tag?post=2736"}],"curies":[{"name":"wp","href":"https:\/\/api.w.org\/{rel}","templated":true}]}}