{"id":2230,"date":"2025-09-26T13:23:52","date_gmt":"2025-09-26T13:23:52","guid":{"rendered":"https:\/\/niunielec.com\/?post_type=product&#038;p=2230"},"modified":"2026-04-03T03:52:05","modified_gmt":"2026-04-03T03:52:05","slug":"fln36-indoor-12kv-24kv-lbs-medium-voltage-sf6-gas-insulated-load-break-switch","status":"publish","type":"product","link":"https:\/\/niunielec.com\/pt\/product\/fln36-indoor-12kv-24kv-lbs-medium-voltage-sf6-gas-insulated-load-break-switch\/","title":{"rendered":"FLN36 Interruptor seccionador de carga interior de 12kv 24kv LBS de m\u00e9dia tens\u00e3o com isolamento a g\u00e1s SF6"},"content":{"rendered":"<h2 id=\"h2-1\"><span style=\"font-size: 75%;\"><strong>FLN36 Interruptor seccionador de carga interior de 12kv 24kv LBS de m\u00e9dia tens\u00e3o com isolamento a g\u00e1s SF6<\/strong><\/span><\/h2>\n<h3><strong><span style=\"font-size: 75%;\">Production Description<\/span><\/strong><\/h3>\n<h4><strong>Aplica\u00e7\u00e3o<\/strong><br \/>\nUtiliza\u00e7\u00e3o: Aparelhagem de alta tens\u00e3o<br \/>\nMaterial: Epoxy Resin<br \/>\nEspecifica\u00e7\u00e3o: Interruptor de corte em carga SF6 de 12KV<\/h4>\n<h4><strong>Condi\u00e7\u00e3o de funcionamento<\/strong><br \/>\n1. altitude:\u22641000m<br \/>\n2. Temperatura ambiente: +40\u00b0C~10\u00b0C<br \/>\n3. A humidade relativa n\u00e3o deve ser superior a 95%a+20\u00b0C de temperatura ambiente<\/h4>\n<h3><strong><span style=\"font-size: 75%;\">FLN36 Interruptor seccionador de carga interior de 12kv 24kv LBS de m\u00e9dia tens\u00e3o com isolamento a g\u00e1s SF6<\/span><\/strong><\/h3>\n<h4><strong>Par\u00e2metros t\u00e9cnicos<\/strong><\/h4>\n<table width=\"973\">\n<tbody>\n<tr>\n<td colspan=\"2\" width=\"477\">Item<\/td>\n<td width=\"248\">Unidade<\/td>\n<td width=\"248\">Dados<\/td>\n<\/tr>\n<tr>\n<td colspan=\"2\">Tens\u00e3o nominal<\/td>\n<td>KV<\/td>\n<td>12<\/td>\n<\/tr>\n<tr>\n<td colspan=\"2\">Frequ\u00eancia nominal<\/td>\n<td>Hz<\/td>\n<td>50<\/td>\n<\/tr>\n<tr>\n<td colspan=\"2\">Corrente nominal<\/td>\n<td>A<\/td>\n<td>630<\/td>\n<\/tr>\n<tr>\n<td colspan=\"2\">Corrente nominal<\/td>\n<td>KA<\/td>\n<td>50<\/td>\n<\/tr>\n<tr>\n<td colspan=\"2\">4s corrente nominal de resist\u00eancia de curta dura\u00e7\u00e3o<\/td>\n<td>KA<\/td>\n<td>20<\/td>\n<\/tr>\n<tr>\n<td colspan=\"2\">Corrente nominal de produ\u00e7\u00e3o<\/td>\n<td>KA<\/td>\n<td>50<\/td>\n<\/tr>\n<tr>\n<td rowspan=\"3\">Corrente de rutura nominal<\/td>\n<td>\u00a0Corrente de corte da carga ativa<\/td>\n<td>KA<\/td>\n<td>630<\/td>\n<\/tr>\n<tr>\n<td width=\"248\">Circuito de corrente de rutura<\/td>\n<td>A<\/td>\n<td>630<\/td>\n<\/tr>\n<tr>\n<td>Corrente de rutura do cabo de carregamento<\/td>\n<td>A<\/td>\n<td>10<\/td>\n<\/tr>\n<tr>\n<td colspan=\"2\">1min power frequency withstand voltage (phase to phase, to earth, fracture)<\/td>\n<td>KV<\/td>\n<td>42\/48<\/td>\n<\/tr>\n<tr>\n<td colspan=\"2\">Lightning impulse withstand voltage (phase to phase, to earth, fracture)<\/td>\n<td>KV<\/td>\n<td>75\/85<\/td>\n<\/tr>\n<tr>\n<td colspan=\"2\">Press\u00e3o relativa do g\u00e1s SF6 (20\u2103 GP)<\/td>\n<td>MPa<\/td>\n<td>\u22640.04<\/td>\n<\/tr>\n<tr>\n<td colspan=\"2\">Tens\u00e3o nominal de funcionamento (el\u00e9ctrica)<\/td>\n<td>V<\/td>\n<td>AC220,DC220<\/td>\n<\/tr>\n<tr>\n<td colspan=\"2\">Tens\u00e3o nominal da liberta\u00e7\u00e3o de deriva\u00e7\u00e3o<\/td>\n<td>V<\/td>\n<td width=\"248\">AC220,DC220<\/td>\n<\/tr>\n<tr>\n<td colspan=\"2\">Velocidade m\u00e9dia de abertura<\/td>\n<td>M\/S<\/td>\n<td>3.5\u00b11.5<\/td>\n<\/tr>\n<tr>\n<td colspan=\"2\">Velocidade m\u00e9dia de fecho<\/td>\n<td>M\/S<\/td>\n<td>3.5\u00b11.6<\/td>\n<\/tr>\n<tr>\n<td colspan=\"2\">Three-phase points, dosing phase of the same<\/td>\n<td>ms<\/td>\n<td>\u22643<\/td>\n<\/tr>\n<tr>\n<td colspan=\"2\">A resist\u00eancia do circuito principal<\/td>\n<td>\u03bc\u03a9<\/td>\n<td>\u2264120<\/td>\n<\/tr>\n<tr>\n<td colspan=\"2\">Bin\u00e1rio m\u00e1ximo manual<\/td>\n<td>N.m<\/td>\n<td>\u2264160<\/td>\n<\/tr>\n<tr>\n<td colspan=\"2\">Dist\u00e2ncia do centro de fase a fase<\/td>\n<td>mm<\/td>\n<td>210\u00b10.5<\/td>\n<\/tr>\n<\/tbody>\n<\/table>\n<p>&nbsp;<\/p>","protected":false},"excerpt":{"rendered":"<p>O interrutor de corte de carga \u00e9 um comutador de m\u00e9dia tens\u00e3o do tipo porta que oferece tr\u00eas estados operacionais: fechado, aberto e ligado \u00e0 terra. Com uma caixa de ep\u00f3xi refor\u00e7ada e totalmente selada, cheia de g\u00e1s SF6 a 0,05 MPa, utiliza SF6 para isolamento e extin\u00e7\u00e3o de arco. O circuito principal \u00e9 encapsulado em ep\u00f3xi dentro da caixa, garantindo uma condutividade fi\u00e1vel. Com o m\u00ednimo de componentes, proporciona uma elevada fiabilidade, um funcionamento sem manuten\u00e7\u00e3o e um desempenho seguro e f\u00e1cil de utilizar.<\/p>","protected":false},"featured_media":2236,"comment_status":"open","ping_status":"closed","template":"","meta":{"_seopress_robots_primary_cat":"none","_seopress_titles_title":"12KV 24KV FLN36 SF6 Gas Insulated Load Break Switch (LBS)","_seopress_titles_desc":"SF6 Gas Insulated Load Break Switch (LBS): 12KV & 24KV models. Sealed, maintenance-free epoxy housing ensures safe, reliable operation for switchgear.","_seopress_robots_index":""},"product_brand":[],"product_cat":[27,67],"product_tag":[82,84,85,83,81,80],"class_list":{"0":"post-2230","1":"product","2":"type-product","3":"status-publish","4":"has-post-thumbnail","6":"product_cat-ring-main-unit-component","7":"product_cat-sf6-load-break-switch","8":"product_tag-12kv-lbs","9":"product_tag-12kv-load-break-switch","10":"product_tag-24kv-lbs","11":"product_tag-lbs","12":"product_tag-load-break-switch","13":"product_tag-sf6-load-break-switch","15":"first","16":"instock","17":"shipping-taxable","18":"product-type-simple"},"_links":{"self":[{"href":"https:\/\/niunielec.com\/pt\/wp-json\/wp\/v2\/product\/2230","targetHints":{"allow":["GET"]}}],"collection":[{"href":"https:\/\/niunielec.com\/pt\/wp-json\/wp\/v2\/product"}],"about":[{"href":"https:\/\/niunielec.com\/pt\/wp-json\/wp\/v2\/types\/product"}],"replies":[{"embeddable":true,"href":"https:\/\/niunielec.com\/pt\/wp-json\/wp\/v2\/comments?post=2230"}],"wp:featuredmedia":[{"embeddable":true,"href":"https:\/\/niunielec.com\/pt\/wp-json\/wp\/v2\/media\/2236"}],"wp:attachment":[{"href":"https:\/\/niunielec.com\/pt\/wp-json\/wp\/v2\/media?parent=2230"}],"wp:term":[{"taxonomy":"product_brand","embeddable":true,"href":"https:\/\/niunielec.com\/pt\/wp-json\/wp\/v2\/product_brand?post=2230"},{"taxonomy":"product_cat","embeddable":true,"href":"https:\/\/niunielec.com\/pt\/wp-json\/wp\/v2\/product_cat?post=2230"},{"taxonomy":"product_tag","embeddable":true,"href":"https:\/\/niunielec.com\/pt\/wp-json\/wp\/v2\/product_tag?post=2230"}],"curies":[{"name":"wp","href":"https:\/\/api.w.org\/{rel}","templated":true}]}}