{"id":2883,"date":"2026-03-30T04:57:54","date_gmt":"2026-03-30T04:57:54","guid":{"rendered":"https:\/\/niunielec.com\/?post_type=product&#038;p=2883"},"modified":"2026-03-31T05:19:39","modified_gmt":"2026-03-31T05:19:39","slug":"csk11-series-blowout-magnetic-micro-switch-for-high-current-industrial-applications","status":"publish","type":"product","link":"https:\/\/niunielec.com\/fr\/product\/csk11-series-blowout-magnetic-micro-switch-for-high-current-industrial-applications\/","title":{"rendered":"Micro-interrupteur magn\u00e9tique de la s\u00e9rie CSK11 pour les applications industrielles \u00e0 courant \u00e9lev\u00e9"},"content":{"rendered":"<h2 id=\"h2-1\"><span style=\"font-size: 75%;\"><strong>Micro-interrupteur magn\u00e9tique de la s\u00e9rie CSK11 pour les applications industrielles \u00e0 courant \u00e9lev\u00e9<\/strong><\/span><\/h2>\n<div class=\"qk-md-paragraph\" data-spm-anchor-id=\"5176.28103460.0.i66.3d1b7551U6zXbC\"><strong class=\"qk-md-strong complete\"><span class=\"qk-md-text complete\">Description du produit<\/span><\/strong><\/div>\n<div data-spm-anchor-id=\"5176.28103460.0.i66.3d1b7551U6zXbC\"><\/div>\n<div class=\"qk-md-paragraph\" data-spm-anchor-id=\"5176.28103460.0.i66.3d1b7551U6zXbC\"><strong class=\"qk-md-strong complete\"><span class=\"qk-md-text complete\">S\u00e9rie CSK11<\/span><\/strong><\/div>\n<div data-spm-anchor-id=\"5176.28103460.0.i66.3d1b7551U6zXbC\"><\/div>\n<div class=\"qk-md-paragraph\"><span class=\"qk-md-text complete\">Le\u00a0<\/span><strong class=\"qk-md-strong complete\"><span class=\"qk-md-text complete\">Micro-interrupteur magn\u00e9tique d'\u00e9jection de la s\u00e9rie CSK11<\/span><\/strong><span class=\"qk-md-text complete\">\u00a0est con\u00e7u pour offrir une grande fiabilit\u00e9 dans les environnements industriels exigeants. Cet interrupteur utilise un m\u00e9canisme de soufflage magn\u00e9tique pour \u00e9teindre rapidement les arcs \u00e9lectriques lors de la commutation de courants \u00e9lev\u00e9s, ce qui garantit une durabilit\u00e9 \u00e0 long terme et un fonctionnement s\u00fbr.<\/span><\/div>\n<div class=\"qk-md-paragraph\"><span class=\"qk-md-text complete\">Les principales caract\u00e9ristiques sont les suivantes :<\/span><\/div>\n<ul class=\"qk-md-ul\">\n<li class=\"qk-md-li complete\"><strong class=\"qk-md-strong complete\"><span class=\"qk-md-text complete\">Suppression de l'arc magn\u00e9tique<\/span><\/strong><span class=\"qk-md-text complete\">: Am\u00e9liore la dur\u00e9e de vie et la fiabilit\u00e9 des contacts sous de lourdes charges.<\/span><\/li>\n<li class=\"qk-md-li complete\"><strong class=\"qk-md-strong complete\"><span class=\"qk-md-text complete\">M\u00e9canisme d'encliquetage<\/span><\/strong><span class=\"qk-md-text complete\">: Permet un fonctionnement pr\u00e9cis et r\u00e9p\u00e9table avec un minimum de rebond.<\/span><\/li>\n<li class=\"qk-md-li complete\"><strong class=\"qk-md-strong complete\"><span class=\"qk-md-text complete\">Bo\u00eetier transparent<\/span><\/strong><span class=\"qk-md-text complete\">: Permet une inspection visuelle ais\u00e9e des composants internes et du c\u00e2blage.<\/span><\/li>\n<li class=\"qk-md-li complete\"><strong class=\"qk-md-strong complete\"><span class=\"qk-md-text complete\">Courant nominal \u00e9lev\u00e9<\/span><\/strong><span class=\"qk-md-text complete\">: Convient \u00e0 la commande de moteurs, de sol\u00e9no\u00efdes et d'autres charges de forte puissance.<\/span><\/li>\n<\/ul>\n<h3><span style=\"font-size: 75%;\"><strong>Micro-interrupteur magn\u00e9tique de la s\u00e9rie CSK11 pour les applications industrielles \u00e0 courant \u00e9lev\u00e9<\/strong><\/span><\/h3>\n<div class=\"qk-md-paragraph\"><strong class=\"qk-md-strong complete\"><span class=\"qk-md-text complete\">Applications<\/span><\/strong><span class=\"qk-md-text complete\">:<\/span><\/div>\n<ul class=\"qk-md-ul\">\n<li class=\"qk-md-li complete\"><span class=\"qk-md-text complete\">Syst\u00e8mes d'automatisation industrielle<\/span><\/li>\n<li class=\"qk-md-li complete\"><span class=\"qk-md-text complete\">Centres de contr\u00f4le des moteurs<\/span><\/li>\n<li class=\"qk-md-li complete\"><span class=\"qk-md-text complete\">Applications de commutation \u00e0 haute puissance<\/span><\/li>\n<li class=\"qk-md-li complete\"><span class=\"qk-md-text complete\">Syst\u00e8mes de verrouillage de s\u00e9curit\u00e9<\/span><\/li>\n<\/ul>","protected":false},"excerpt":{"rendered":"<p><span class=\"qk-md-text complete\" data-spm-anchor-id=\"5176.28103460.0.i67.3d1b7551U6zXbC\">Le\u00a0<\/span><span class=\"qk-md-text complete\">Micro-interrupteur magn\u00e9tique d'\u00e9jection de la s\u00e9rie CSK11<\/span><span class=\"qk-md-text complete\">\u00a0est un composant de haute performance con\u00e7u pour\u00a0<\/span><span class=\"qk-md-text complete\">applications industrielles \u00e0 courant \u00e9lev\u00e9<\/span><span class=\"qk-md-text complete\">. Avec un\u00a0<\/span><span class=\"qk-md-text complete\">suppression de l'arc magn\u00e9tique<\/span><span class=\"qk-md-text complete\">\u00a0et un m\u00e9canisme de\u00a0<\/span><span class=\"qk-md-text complete\">conception \u00e0 action rapide<\/span><span class=\"qk-md-text complete\">Il garantit un fonctionnement fiable et une longue dur\u00e9e de vie. Les\u00a0<\/span><span class=\"qk-md-text complete\">bo\u00eetier transparent<\/span><span class=\"qk-md-text complete\">\u00a0permet une inspection facile, ce qui le rend id\u00e9al pour les syst\u00e8mes d'automatisation et de contr\u00f4le.<\/span><\/p>","protected":false},"featured_media":2894,"comment_status":"open","ping_status":"closed","template":"","meta":{"_seopress_robots_primary_cat":"none","_seopress_titles_title":"CSK11 Series Blowout Magnetic Micro Switch for High-Current Industrial Applications","_seopress_titles_desc":"Durable CSK11 series blowout magnetic micro switch designed for high-current industrial applications. Features snap-action mechanism and transparent housing for easy inspection. Ideal for automation and control systems.","_seopress_robots_index":""},"product_brand":[],"product_cat":[24,42],"product_tag":[201,203,202],"class_list":{"0":"post-2883","1":"product","2":"type-product","3":"status-publish","4":"has-post-thumbnail","6":"product_cat-vacuum-circuit-breaker-accessories","7":"product_cat-auxiliary-switch","8":"product_tag-csk11-magnetic-micro-switch","9":"product_tag-high-current-limit-switch","10":"product_tag-magnetic-blowout-switch","12":"first","13":"instock","14":"shipping-taxable","15":"product-type-simple"},"_links":{"self":[{"href":"https:\/\/niunielec.com\/fr\/wp-json\/wp\/v2\/product\/2883","targetHints":{"allow":["GET"]}}],"collection":[{"href":"https:\/\/niunielec.com\/fr\/wp-json\/wp\/v2\/product"}],"about":[{"href":"https:\/\/niunielec.com\/fr\/wp-json\/wp\/v2\/types\/product"}],"replies":[{"embeddable":true,"href":"https:\/\/niunielec.com\/fr\/wp-json\/wp\/v2\/comments?post=2883"}],"wp:featuredmedia":[{"embeddable":true,"href":"https:\/\/niunielec.com\/fr\/wp-json\/wp\/v2\/media\/2894"}],"wp:attachment":[{"href":"https:\/\/niunielec.com\/fr\/wp-json\/wp\/v2\/media?parent=2883"}],"wp:term":[{"taxonomy":"product_brand","embeddable":true,"href":"https:\/\/niunielec.com\/fr\/wp-json\/wp\/v2\/product_brand?post=2883"},{"taxonomy":"product_cat","embeddable":true,"href":"https:\/\/niunielec.com\/fr\/wp-json\/wp\/v2\/product_cat?post=2883"},{"taxonomy":"product_tag","embeddable":true,"href":"https:\/\/niunielec.com\/fr\/wp-json\/wp\/v2\/product_tag?post=2883"}],"curies":[{"name":"wp","href":"https:\/\/api.w.org\/{rel}","templated":true}]}}