{"id":2876,"date":"2026-03-30T04:16:48","date_gmt":"2026-03-30T04:16:48","guid":{"rendered":"https:\/\/niunielec.com\/?post_type=product&#038;p=2876"},"modified":"2026-03-31T05:41:42","modified_gmt":"2026-03-31T05:41:42","slug":"lxw20-11-miniature-limit-switch-with-roller-plunger-for-automation-equipment","status":"publish","type":"product","link":"https:\/\/niunielec.com\/fr\/product\/lxw20-11-miniature-limit-switch-with-roller-plunger-for-automation-equipment\/","title":{"rendered":"LXW20-11 Interrupteur de fin de course miniature avec poussoir \u00e0 galet pour \u00e9quipement d'automatisation"},"content":{"rendered":"<h2 id=\"h2-1\"><span style=\"font-size: 75%;\"><strong>LXW20-11 Interrupteur de fin de course miniature avec poussoir \u00e0 galet pour \u00e9quipement d'automatisation<\/strong><\/span><\/h2>\n<div class=\"qk-md-paragraph\"><strong class=\"qk-md-strong complete\"><span class=\"qk-md-text complete\" data-spm-anchor-id=\"5176.28103460.0.i56.3d1b7551U6zXbC\">Description du produit<\/span><\/strong><\/div>\n<div><\/div>\n<div class=\"qk-md-paragraph\"><strong class=\"qk-md-strong complete\"><span class=\"qk-md-text complete\">Mod\u00e8le : LXW20-11<\/span><\/strong><\/div>\n<div><\/div>\n<div class=\"qk-md-paragraph\"><span class=\"qk-md-text complete\">Le\u00a0<\/span><span class=\"qk-md-text complete\">LXW20-11 interrupteur de fin de course miniature<\/span><span class=\"qk-md-text complete\">\u00a0est un composant de pr\u00e9cision con\u00e7u pour la d\u00e9tection pr\u00e9cise de la position dans les syst\u00e8mes d'automatisation industriels. Dot\u00e9 d'un bo\u00eetier ABS bleu robuste et d'un actionneur \u00e0 plongeur \u00e0 galet, ce commutateur garantit un fonctionnement fiable dans les espaces restreints et les applications \u00e0 cycle \u00e9lev\u00e9.<\/span><\/div>\n<div class=\"qk-md-paragraph\"><span class=\"qk-md-text complete\">Caract\u00e9ristiques et applications principales :<\/span><\/div>\n<ul class=\"qk-md-ul\">\n<li class=\"qk-md-li complete\"><strong class=\"qk-md-strong complete\"><span class=\"qk-md-text complete\">Caract\u00e9ristiques \u00e9lectriques \u00e9lev\u00e9es<\/span><\/strong><span class=\"qk-md-text complete\">: Class\u00e9 pour\u00a0<\/span><span class=\"qk-md-text complete\">AC-12 380V 16A<\/span><span class=\"qk-md-text complete\">\u00a0et\u00a0<\/span><span class=\"qk-md-text complete\">DC-12 250V 5A<\/span><span class=\"qk-md-text complete\">ce qui le rend adapt\u00e9 \u00e0 la commande de moteurs, de sol\u00e9no\u00efdes et d'autres charges industrielles.<\/span><\/li>\n<li class=\"qk-md-li complete\"><strong class=\"qk-md-strong complete\"><span class=\"qk-md-text complete\">Actionneur \u00e0 plongeur \u00e0 galet<\/span><\/strong><span class=\"qk-md-text complete\">: Permet un fonctionnement souple et sans frottement et prolonge la dur\u00e9e de vie de l'interrupteur dans les applications \u00e0 actionnement fr\u00e9quent.<\/span><\/li>\n<li class=\"qk-md-li complete\"><strong class=\"qk-md-strong complete\"><span class=\"qk-md-text complete\">Conception compacte<\/span><\/strong><span class=\"qk-md-text complete\">: L'encombrement r\u00e9duit permet une installation facile dans les\u00a0<\/span><span class=\"qk-md-text complete\">panneaux de contr\u00f4le<\/span><span class=\"qk-md-text complete\">\u00a0et des machines dans un espace limit\u00e9.<\/span><\/li>\n<li class=\"qk-md-li complete\"><strong class=\"qk-md-strong complete\"><span class=\"qk-md-text complete\">Utilisation polyvalente<\/span><\/strong><span class=\"qk-md-text complete\">: Couramment utilis\u00e9 dans\u00a0<\/span><span class=\"qk-md-text complete\">\u00e9quipement d'automatisation<\/span><span class=\"qk-md-text complete\">\u00a0tels que les machines d'emballage, les convoyeurs et les syst\u00e8mes de manutention pour d\u00e9tecter les positions de fin de course ou de limite.<\/span><\/li>\n<\/ul>\n<h3><span style=\"font-size: 75%;\"><strong>LXW20-11 Interrupteur de fin de course miniature<\/strong><\/span><\/h3>\n<p><strong>Dessin<\/strong><\/p>\n<p><img loading=\"lazy\" decoding=\"async\" class=\"size-full wp-image-2879\" src=\"https:\/\/niunielec.com\/wp-content\/uploads\/2026\/03\/drawing-for-lxw20-11-miniature-limit-switch-with-roller-plunger-for-automation-equipment-2.webp\" alt=\"lxw20 11 interrupteur de fin de course miniature avec poussoir \u00e0 galet pour \u00e9quipement d&#039;automatisation\" width=\"590\" height=\"526\" srcset=\"https:\/\/niunielec.com\/wp-content\/uploads\/2026\/03\/drawing-for-lxw20-11-miniature-limit-switch-with-roller-plunger-for-automation-equipment-2.webp 590w, https:\/\/niunielec.com\/wp-content\/uploads\/2026\/03\/drawing-for-lxw20-11-miniature-limit-switch-with-roller-plunger-for-automation-equipment-2-440x392.webp 440w, https:\/\/niunielec.com\/wp-content\/uploads\/2026\/03\/drawing-for-lxw20-11-miniature-limit-switch-with-roller-plunger-for-automation-equipment-2-13x12.webp 13w\" sizes=\"auto, (max-width: 590px) 100vw, 590px\" \/><\/p>","protected":false},"excerpt":{"rendered":"<p><span class=\"qk-md-text complete\" data-spm-anchor-id=\"5176.28103460.0.i57.3d1b7551U6zXbC\">Le\u00a0<\/span><span class=\"qk-md-text complete\">LXW20-11 interrupteur de fin de course miniature<\/span><span class=\"qk-md-text complete\">\u00a0est une solution compacte et performante pour la d\u00e9tection de position dans les applications industrielles. Avec un actionneur \u00e0 plongeur \u00e0 rouleau et des caract\u00e9ristiques \u00e9lectriques robustes, il assure un fonctionnement fiable dans les applications industrielles.\u00a0<\/span><span class=\"qk-md-text complete\">\u00e9quipement d'automatisation<\/span><span class=\"qk-md-text complete\">\u00a0et\u00a0<\/span><span class=\"qk-md-text complete\">panneaux de contr\u00f4le<\/span><span class=\"qk-md-text complete\">.<\/span><\/p>","protected":false},"featured_media":2880,"comment_status":"open","ping_status":"closed","template":"","meta":{"_seopress_robots_primary_cat":"none","_seopress_titles_title":"LXW20-11 Miniature Limit Switch with Roller Plunger for Automation Equipment","_seopress_titles_desc":"Compact LXW20-11 limit switch with roller plunger actuator. Rated AC-12 380V 16A and DC-12 250V 5A. Ideal for automation equipment and control panels. Durable, precise, and reliable.","_seopress_robots_index":""},"product_brand":[],"product_cat":[24,42],"product_tag":[198,199,200],"class_list":{"0":"post-2876","1":"product","2":"type-product","3":"status-publish","4":"has-post-thumbnail","6":"product_cat-vacuum-circuit-breaker-accessories","7":"product_cat-auxiliary-switch","8":"product_tag-lxw20-11-limit-switch","9":"product_tag-miniature-limit-switch","10":"product_tag-roller-plunger-switch","12":"first","13":"instock","14":"shipping-taxable","15":"product-type-simple"},"_links":{"self":[{"href":"https:\/\/niunielec.com\/fr\/wp-json\/wp\/v2\/product\/2876","targetHints":{"allow":["GET"]}}],"collection":[{"href":"https:\/\/niunielec.com\/fr\/wp-json\/wp\/v2\/product"}],"about":[{"href":"https:\/\/niunielec.com\/fr\/wp-json\/wp\/v2\/types\/product"}],"replies":[{"embeddable":true,"href":"https:\/\/niunielec.com\/fr\/wp-json\/wp\/v2\/comments?post=2876"}],"wp:featuredmedia":[{"embeddable":true,"href":"https:\/\/niunielec.com\/fr\/wp-json\/wp\/v2\/media\/2880"}],"wp:attachment":[{"href":"https:\/\/niunielec.com\/fr\/wp-json\/wp\/v2\/media?parent=2876"}],"wp:term":[{"taxonomy":"product_brand","embeddable":true,"href":"https:\/\/niunielec.com\/fr\/wp-json\/wp\/v2\/product_brand?post=2876"},{"taxonomy":"product_cat","embeddable":true,"href":"https:\/\/niunielec.com\/fr\/wp-json\/wp\/v2\/product_cat?post=2876"},{"taxonomy":"product_tag","embeddable":true,"href":"https:\/\/niunielec.com\/fr\/wp-json\/wp\/v2\/product_tag?post=2876"}],"curies":[{"name":"wp","href":"https:\/\/api.w.org\/{rel}","templated":true}]}}