{"id":2860,"date":"2026-03-30T02:03:36","date_gmt":"2026-03-30T02:03:36","guid":{"rendered":"https:\/\/niunielec.com\/?post_type=product&#038;p=2860"},"modified":"2026-03-31T05:56:32","modified_gmt":"2026-03-31T05:56:32","slug":"f10-12-iii-ld-gold-plated-vcb-auxiliary-switch-6no-6nc-for-vcb-high-voltage-switchgear","status":"publish","type":"product","link":"https:\/\/niunielec.com\/fr\/product\/f10-12-iii-ld-gold-plated-vcb-auxiliary-switch-6no-6nc-for-vcb-high-voltage-switchgear\/","title":{"rendered":"F10-12 III LD Interrupteur auxiliaire VCB plaqu\u00e9 or 6NO 6NC pour appareillage haute tension"},"content":{"rendered":"<h2 id=\"h2-1\"><span style=\"font-size: 75%;\"><strong>F10-12 III LD Interrupteur auxiliaire VCB plaqu\u00e9 or 6NO 6NC pour appareillage haute tension<\/strong><\/span><\/h2>\n<div class=\"qk-md-paragraph\"><strong class=\"qk-md-strong complete\"><span class=\"qk-md-text complete\" data-spm-anchor-id=\"5176.28103460.0.i39.3d1b7551U6zXbC\">Description du produit<\/span><\/strong><\/div>\n<div><\/div>\n<div class=\"qk-md-paragraph\"><strong class=\"qk-md-strong complete\"><span class=\"qk-md-text complete\">Mod\u00e8le : F10-12 III LD<\/span><\/strong><\/div>\n<div><\/div>\n<div class=\"qk-md-paragraph\"><span class=\"qk-md-text complete\">Le\u00a0<\/span><span class=\"qk-md-text complete\">F10-12 III Interrupteur auxiliaire LD<\/span><span class=\"qk-md-text complete\">\u00a0est un composant \u00e9lectrique haut de gamme con\u00e7u pour des applications \u00e0 haute fiabilit\u00e9 dans des environnements \u00e0 haute tension. Ce mod\u00e8le pr\u00e9sente les caract\u00e9ristiques suivantes\u00a0<\/span><span class=\"qk-md-text complete\">contacts plaqu\u00e9s or<\/span><span class=\"qk-md-text complete\">qui offrent une r\u00e9sistance sup\u00e9rieure \u00e0 la corrosion et une faible r\u00e9sistance de contact, garantissant une transmission stable du signal, m\u00eame dans des conditions difficiles.<\/span><\/div>\n<div class=\"qk-md-paragraph\"><span class=\"qk-md-text complete\">Les principales caract\u00e9ristiques sont les suivantes :<\/span><\/div>\n<ul class=\"qk-md-ul\">\n<li class=\"qk-md-li complete\"><strong class=\"qk-md-strong complete\"><span class=\"qk-md-text complete\">Contacts plaqu\u00e9s or<\/span><\/strong><span class=\"qk-md-text complete\">: Am\u00e9liore la durabilit\u00e9 et la conductivit\u00e9.<\/span><\/li>\n<li class=\"qk-md-li complete\"><strong class=\"qk-md-strong complete\"><span class=\"qk-md-text complete\">Configuration 6NO 6NC<\/span><\/strong><span class=\"qk-md-text complete\">: Offre des options de contr\u00f4le polyvalentes pour les circuits complexes.<\/span><\/li>\n<li class=\"qk-md-li complete\"><strong class=\"qk-md-strong complete\"><span class=\"qk-md-text complete\">Conception robuste<\/span><\/strong><span class=\"qk-md-text complete\">: Construit pour r\u00e9sister \u00e0 des contraintes m\u00e9caniques et \u00e9lectriques \u00e9lev\u00e9es.<\/span><\/li>\n<li class=\"qk-md-li complete\"><strong class=\"qk-md-strong complete\"><span class=\"qk-md-text complete\">Compatibilit\u00e9<\/span><\/strong><span class=\"qk-md-text complete\">: Sp\u00e9cifiquement con\u00e7u pour l'int\u00e9gration avec\u00a0<\/span><span class=\"qk-md-text complete\">disjoncteurs \u00e0 vide (VCB)<\/span><span class=\"qk-md-text complete\">\u00a0et de l'appareillage de commutation \u00e0 haute tension.<\/span><\/li>\n<\/ul>\n<div class=\"qk-md-paragraph\"><span class=\"qk-md-text complete\">Id\u00e9al pour les panneaux de contr\u00f4le industriels, les centrales \u00e9lectriques et les sous-stations \u00e9lectriques, cet interrupteur auxiliaire assure une indication pr\u00e9cise de l'\u00e9tat et un fonctionnement fiable.<\/span><\/div>\n<div><\/div>\n<h3><span style=\"font-size: 75%;\"><strong>F10-12 III LD Interrupteur auxiliaire VCB plaqu\u00e9 or 6NO 6NC<\/strong><\/span><\/h3>\n<div><strong>Dessin<\/strong><\/div>\n<div>\n<p><img loading=\"lazy\" decoding=\"async\" class=\"size-medium wp-image-2864\" src=\"https:\/\/niunielec.com\/wp-content\/uploads\/2026\/03\/f10-12-iii-ld-gold-plated-auxiliary-switch-6no-6nc-for-vcb-high-voltage-switchgear-drawing-768x550.webp\" alt=\"f10 12 iii ld gold plated auxiliary switch 6no 6nc for vcb high voltage switchgear\" width=\"768\" height=\"550\" srcset=\"https:\/\/niunielec.com\/wp-content\/uploads\/2026\/03\/f10-12-iii-ld-gold-plated-auxiliary-switch-6no-6nc-for-vcb-high-voltage-switchgear-drawing-768x550.webp 768w, https:\/\/niunielec.com\/wp-content\/uploads\/2026\/03\/f10-12-iii-ld-gold-plated-auxiliary-switch-6no-6nc-for-vcb-high-voltage-switchgear-drawing-1024x733.webp 1024w, https:\/\/niunielec.com\/wp-content\/uploads\/2026\/03\/f10-12-iii-ld-gold-plated-auxiliary-switch-6no-6nc-for-vcb-high-voltage-switchgear-drawing-440x315.webp 440w, https:\/\/niunielec.com\/wp-content\/uploads\/2026\/03\/f10-12-iii-ld-gold-plated-auxiliary-switch-6no-6nc-for-vcb-high-voltage-switchgear-drawing-18x12.webp 18w, https:\/\/niunielec.com\/wp-content\/uploads\/2026\/03\/f10-12-iii-ld-gold-plated-auxiliary-switch-6no-6nc-for-vcb-high-voltage-switchgear-drawing-600x430.webp 600w, https:\/\/niunielec.com\/wp-content\/uploads\/2026\/03\/f10-12-iii-ld-gold-plated-auxiliary-switch-6no-6nc-for-vcb-high-voltage-switchgear-drawing.webp 1099w\" sizes=\"auto, (max-width: 768px) 100vw, 768px\" \/><\/p>\n<\/div>","protected":false},"excerpt":{"rendered":"<p><span class=\"qk-md-text complete\" data-spm-anchor-id=\"5176.28103460.0.i40.3d1b7551U6zXbC\">Le\u00a0<\/span><span class=\"qk-md-text complete\">F10-12 III LD VCB interrupteur auxiliaire<\/span><span class=\"qk-md-text complete\">\u00a0Les contacts sont plaqu\u00e9s or et la configuration 6NO 6NC, ce qui en fait un outil id\u00e9al pour\u00a0<\/span><span class=\"qk-md-text complete\">VCB<\/span><span class=\"qk-md-text complete\">\u00a0et\u00a0<\/span><span class=\"qk-md-text complete\">appareillage de commutation \u00e0 haute tension<\/span><span class=\"qk-md-text complete\">\u00a0applications. Sa conception robuste garantit des performances fiables dans les syst\u00e8mes de contr\u00f4le industriels.<\/span><\/p>","protected":false},"featured_media":2863,"comment_status":"open","ping_status":"closed","template":"","meta":{"_seopress_robots_primary_cat":"none","_seopress_titles_title":"F10-12 III LD Gold-Plated VCB Auxiliary Switch 6NO 6NC for High Voltage Switchgear","_seopress_titles_desc":"High-performance F10-12 III LD VCB auxiliary switch with gold-plated contacts and 6NO 6NC configuration. Designed for vacuum circuit breaker and high voltage switchgear. Reliable for industrial control.","_seopress_robots_index":""},"product_brand":[],"product_cat":[24,42],"product_tag":[189,190],"class_list":{"0":"post-2860","1":"product","2":"type-product","3":"status-publish","4":"has-post-thumbnail","6":"product_cat-vacuum-circuit-breaker-accessories","7":"product_cat-auxiliary-switch","8":"product_tag-auxiliary-switch","9":"product_tag-auxiliary-switch-for-switchgear","11":"first","12":"instock","13":"shipping-taxable","14":"product-type-simple"},"_links":{"self":[{"href":"https:\/\/niunielec.com\/fr\/wp-json\/wp\/v2\/product\/2860","targetHints":{"allow":["GET"]}}],"collection":[{"href":"https:\/\/niunielec.com\/fr\/wp-json\/wp\/v2\/product"}],"about":[{"href":"https:\/\/niunielec.com\/fr\/wp-json\/wp\/v2\/types\/product"}],"replies":[{"embeddable":true,"href":"https:\/\/niunielec.com\/fr\/wp-json\/wp\/v2\/comments?post=2860"}],"wp:featuredmedia":[{"embeddable":true,"href":"https:\/\/niunielec.com\/fr\/wp-json\/wp\/v2\/media\/2863"}],"wp:attachment":[{"href":"https:\/\/niunielec.com\/fr\/wp-json\/wp\/v2\/media?parent=2860"}],"wp:term":[{"taxonomy":"product_brand","embeddable":true,"href":"https:\/\/niunielec.com\/fr\/wp-json\/wp\/v2\/product_brand?post=2860"},{"taxonomy":"product_cat","embeddable":true,"href":"https:\/\/niunielec.com\/fr\/wp-json\/wp\/v2\/product_cat?post=2860"},{"taxonomy":"product_tag","embeddable":true,"href":"https:\/\/niunielec.com\/fr\/wp-json\/wp\/v2\/product_tag?post=2860"}],"curies":[{"name":"wp","href":"https:\/\/api.w.org\/{rel}","templated":true}]}}