{"id":2855,"date":"2026-03-27T08:42:27","date_gmt":"2026-03-27T08:42:27","guid":{"rendered":"https:\/\/niunielec.com\/?post_type=product&#038;p=2855"},"modified":"2026-03-31T06:02:49","modified_gmt":"2026-03-31T06:02:49","slug":"f10-12-iii-lbj-auxiliary-rotary-switch-6no-6nc-for-vcb-high-voltage-switchgear","status":"publish","type":"product","link":"https:\/\/niunielec.com\/fr\/product\/f10-12-iii-lbj-auxiliary-rotary-switch-6no-6nc-for-vcb-high-voltage-switchgear\/","title":{"rendered":"F10-12 III LBJ Interrupteur rotatif auxiliaire 6NO 6NC pour appareillage haute tension VCB"},"content":{"rendered":"<h2 id=\"h2-1\"><span style=\"font-size: 75%;\"><strong>F10-12 III LBJ Interrupteur rotatif auxiliaire 6NO 6NC pour appareillage haute tension VCB<\/strong><\/span><\/h2>\n<div class=\"qk-md-paragraph\" data-spm-anchor-id=\"5176.28103460.0.i29.3d1b7551U6zXbC\"><strong class=\"qk-md-strong complete\"><span class=\"qk-md-text complete\" data-spm-anchor-id=\"5176.28103460.0.i30.3d1b7551U6zXbC\">Description du produit<\/span><\/strong><\/div>\n<div data-spm-anchor-id=\"5176.28103460.0.i29.3d1b7551U6zXbC\"><\/div>\n<div class=\"qk-md-paragraph\"><strong class=\"qk-md-strong complete\"><span class=\"qk-md-text complete\" data-spm-anchor-id=\"5176.28103460.0.i21.3d1b7551U6zXbC\">Mod\u00e8le : F10-12 III LBJ<\/span><\/strong><\/div>\n<div><\/div>\n<div class=\"qk-md-paragraph\"><strong><span class=\"qk-md-text complete\" data-spm-anchor-id=\"5176.28103460.0.i22.3d1b7551U6zXbC\">Le\u00a0<\/span><span class=\"qk-md-text complete\">F10-12 III Interrupteur auxiliaire LBJ<\/span><\/strong><span class=\"qk-md-text complete\"><strong>\u00a0i<\/strong>est un composant de haute performance con\u00e7u pour une int\u00e9gration transparente dans les installations \u00e9lectriques modernes \u00e0 haute tension. Ce dispositif est sp\u00e9cialement con\u00e7u pour s'interfacer avec\u00a0<\/span><a href=\"https:\/\/niunielec.com\/fr\/product-category\/vacuum-circuit-breaker\/\"><strong class=\"qk-md-strong complete\"><span class=\"qk-md-text complete\">disjoncteurs \u00e0 vide (VCB)<\/span><\/strong><\/a><span class=\"qk-md-text complete\">Le syst\u00e8me de contr\u00f4le de l'acc\u00e8s et de la fermeture des portes et des fen\u00eatres, qui fournit un signal critique pour l'\u00e9tat ouvert\/ferm\u00e9 et permet des interverrouillages op\u00e9rationnels s\u00fbrs.<\/span><\/div>\n<div class=\"qk-md-paragraph\"><span class=\"qk-md-text complete\">Construit pour r\u00e9sister, le LBJ F10-12 III est dot\u00e9 d'un m\u00e9canisme robuste \u00e0 action rapide et d'un bo\u00eetier compact en aluminium qui dissipe la chaleur. Il garantit un fonctionnement fiable, m\u00eame dans des environnements industriels difficiles.<\/span><\/div>\n<h4 class=\"qk-md-head\"><strong><span class=\"qk-md-text complete\">Principales caract\u00e9ristiques et avantages<\/span><\/strong><\/h4>\n<ul class=\"qk-md-ul\">\n<li class=\"qk-md-li complete\"><strong class=\"qk-md-strong complete\"><span class=\"qk-md-text complete\">Indication pr\u00e9cise de la position :<\/span><\/strong><span class=\"qk-md-text complete\">\u00a0\u00c9quip\u00e9 d'un\u00a0<\/span><strong class=\"qk-md-strong complete\"><span class=\"qk-md-text complete\">6NO 6NC<\/span><\/strong><span class=\"qk-md-text complete\">\u00a0Ce commutateur fournit un retour d'information pr\u00e9cis.<strong>n le\u00a0<\/strong><\/span><strong class=\"qk-md-strong complete\"><span class=\"qk-md-text complete\">disjoncteur<\/span><\/strong><span class=\"qk-md-text complete\"><strong>\u00a0statut<\/strong> au panneau de contr\u00f4le, ce qui permet aux op\u00e9rateurs d'\u00eatre toujours au courant des conditions du syst\u00e8me.<\/span><\/li>\n<li class=\"qk-md-li complete\"><strong class=\"qk-md-strong complete\"><span class=\"qk-md-text complete\">Conception m\u00e9canique robuste :<\/span><\/strong><span class=\"qk-md-text complete\">\u00a0Le m\u00e9canisme de basculement robuste est con\u00e7u pour une grande endurance m\u00e9canique, garantissant des millions d'op\u00e9rations sans d\u00e9faillance.<\/span><\/li>\n<li class=\"qk-md-li complete\"><strong class=\"qk-md-strong complete\"><span class=\"qk-md-text complete\">Installation facile :<\/span><\/strong><span class=\"qk-md-text complete\">\u00a0L'unit\u00e9 est dot\u00e9e d'une interface de montage standardis\u00e9e, permettant une installation rapide et s\u00fbre sur\u00a0<\/span><span class=\"qk-md-text complete\">VCB<\/span><span class=\"qk-md-text complete\">\u00a0des m\u00e9canismes de fonctionnement sans avoir besoin d'outils sp\u00e9cialis\u00e9s.<\/span><\/li>\n<li class=\"qk-md-li complete\"><strong class=\"qk-md-strong complete\"><span class=\"qk-md-text complete\">Isolation \u00e9lectrique s\u00fbre :<\/span><\/strong><span class=\"qk-md-text complete\">\u00a0Des mat\u00e9riaux isolants de haute qualit\u00e9 garantissent une rigidit\u00e9 di\u00e9lectrique sup\u00e9rieure, prot\u00e9geant les circuits de contr\u00f4le sensibles des transitoires \u00e0 haute tension.<\/span><\/li>\n<li class=\"qk-md-li complete\"><strong class=\"qk-md-strong complete\"><span class=\"qk-md-text complete\">Large gamme d'applications :<\/span><\/strong><span class=\"qk-md-text complete\">\u00a0Parfait pour une utilisation dans\u00a0<\/span><strong class=\"qk-md-strong complete\"><span class=\"qk-md-text complete\">appareillage de commutation \u00e0 haute tension<\/span><\/strong><span class=\"qk-md-text complete\">Les syst\u00e8mes de commutation auxiliaires doivent \u00eatre fiables pour les unit\u00e9s de distribution d'\u00e9nergie et les syst\u00e8mes d'automatisation industrielle.<\/span><\/li>\n<\/ul>\n<h4 class=\"qk-md-head\"><strong><span class=\"qk-md-text complete\">Applications<\/span><\/strong><\/h4>\n<ul class=\"qk-md-ul\">\n<li class=\"qk-md-li complete\"><span class=\"qk-md-text complete\">Haute tension\u00a0<\/span><span class=\"qk-md-text complete\">Disjoncteurs \u00e0 vide (VCB)<\/span><\/li>\n<li class=\"qk-md-li complete\"><span class=\"qk-md-text complete\">Panneaux d'appareillage de commutation moyenne tension<\/span><\/li>\n<li class=\"qk-md-li complete\"><span class=\"qk-md-text complete\">Centres de contr\u00f4le de la puissance industrielle<\/span><\/li>\n<li class=\"qk-md-li complete\"><span class=\"qk-md-text complete\">Sous-stations \u00e9lectriques et infrastructure du r\u00e9seau<\/span><\/li>\n<\/ul>\n<p>&nbsp;<\/p>\n<h3><strong><span style=\"font-size: 75%;\">F10-12 III LBJ Interrupteur rotatif auxiliaire 6NO 6NC pour appareillage haute tension VCB<\/span><\/strong><\/h3>\n<p><strong>Dessin<\/strong><\/p>\n<p><img loading=\"lazy\" decoding=\"async\" class=\"size-medium wp-image-2859\" src=\"https:\/\/niunielec.com\/wp-content\/uploads\/2026\/03\/f10-12-iii-lbj-auxiliary-switch-6no-6nc-for-vcb-high-voltage-switchgear-drawing-768x512.webp\" alt=\"f10 12 iii lbj auxiliary switch 6no 6nc for vcb high voltage switchgear\" width=\"768\" height=\"512\" srcset=\"https:\/\/niunielec.com\/wp-content\/uploads\/2026\/03\/f10-12-iii-lbj-auxiliary-switch-6no-6nc-for-vcb-high-voltage-switchgear-drawing-768x512.webp 768w, https:\/\/niunielec.com\/wp-content\/uploads\/2026\/03\/f10-12-iii-lbj-auxiliary-switch-6no-6nc-for-vcb-high-voltage-switchgear-drawing-1024x683.webp 1024w, https:\/\/niunielec.com\/wp-content\/uploads\/2026\/03\/f10-12-iii-lbj-auxiliary-switch-6no-6nc-for-vcb-high-voltage-switchgear-drawing-440x294.webp 440w, https:\/\/niunielec.com\/wp-content\/uploads\/2026\/03\/f10-12-iii-lbj-auxiliary-switch-6no-6nc-for-vcb-high-voltage-switchgear-drawing-18x12.webp 18w, https:\/\/niunielec.com\/wp-content\/uploads\/2026\/03\/f10-12-iii-lbj-auxiliary-switch-6no-6nc-for-vcb-high-voltage-switchgear-drawing-600x400.webp 600w, https:\/\/niunielec.com\/wp-content\/uploads\/2026\/03\/f10-12-iii-lbj-auxiliary-switch-6no-6nc-for-vcb-high-voltage-switchgear-drawing.webp 1139w\" sizes=\"auto, (max-width: 768px) 100vw, 768px\" \/><\/p>","protected":false},"excerpt":{"rendered":"<p><span class=\"qk-md-text complete\" data-spm-anchor-id=\"5176.28103460.0.i31.3d1b7551U6zXbC\">Le\u00a0<\/span><span class=\"qk-md-text complete\">F10-12 III LBJ commutateur rotatif auxiliaire<\/span><span class=\"qk-md-text complete\">\u00a0est une solution durable et fiable pour\u00a0<\/span><a href=\"https:\/\/niunielec.com\/fr\/product-category\/vacuum-circuit-breaker\/\"><strong class=\"qk-md-strong\"><span class=\"qk-md-text complete\">VCB<\/span><\/strong><\/a><span class=\"qk-md-text complete\">\u00a0contr\u00f4le. Dot\u00e9 d'un\u00a0<\/span><span class=\"qk-md-text complete\">6NO 6NC<\/span><span class=\"qk-md-text complete\">\u00a0Il fournit un signal d'\u00e9tat pr\u00e9cis pour les\u00a0<\/span><strong class=\"qk-md-strong\"><span class=\"qk-md-text complete\">appareillage de commutation \u00e0 haute tension<\/span><\/strong><span class=\"qk-md-text complete\">. Sa conception robuste garantit des performances durables dans les applications industrielles exigeantes.<\/span><\/p>","protected":false},"featured_media":2858,"comment_status":"open","ping_status":"closed","template":"","meta":{"_seopress_robots_primary_cat":"none","_seopress_titles_title":"F10-12 III LBJ Auxiliary Rotary Switch 6NO 6NC for VCB High Voltage Switchgear","_seopress_titles_desc":"High-quality F10-12 III LBJ auxiliary rotary switch with 6NO 6NC configuration. Ideal for VCB and high voltage switchgear. Durable design for industrial control panels.","_seopress_robots_index":""},"product_brand":[],"product_cat":[24,42],"product_tag":[189,190,193,194],"class_list":{"0":"post-2855","1":"product","2":"type-product","3":"status-publish","4":"has-post-thumbnail","6":"product_cat-vacuum-circuit-breaker-accessories","7":"product_cat-auxiliary-switch","8":"product_tag-auxiliary-switch","9":"product_tag-auxiliary-switch-for-switchgear","10":"product_tag-auxiliary-switch-for-vcb","11":"product_tag-f10-series-auxiliary-switch","13":"first","14":"instock","15":"shipping-taxable","16":"product-type-simple"},"_links":{"self":[{"href":"https:\/\/niunielec.com\/fr\/wp-json\/wp\/v2\/product\/2855","targetHints":{"allow":["GET"]}}],"collection":[{"href":"https:\/\/niunielec.com\/fr\/wp-json\/wp\/v2\/product"}],"about":[{"href":"https:\/\/niunielec.com\/fr\/wp-json\/wp\/v2\/types\/product"}],"replies":[{"embeddable":true,"href":"https:\/\/niunielec.com\/fr\/wp-json\/wp\/v2\/comments?post=2855"}],"wp:featuredmedia":[{"embeddable":true,"href":"https:\/\/niunielec.com\/fr\/wp-json\/wp\/v2\/media\/2858"}],"wp:attachment":[{"href":"https:\/\/niunielec.com\/fr\/wp-json\/wp\/v2\/media?parent=2855"}],"wp:term":[{"taxonomy":"product_brand","embeddable":true,"href":"https:\/\/niunielec.com\/fr\/wp-json\/wp\/v2\/product_brand?post=2855"},{"taxonomy":"product_cat","embeddable":true,"href":"https:\/\/niunielec.com\/fr\/wp-json\/wp\/v2\/product_cat?post=2855"},{"taxonomy":"product_tag","embeddable":true,"href":"https:\/\/niunielec.com\/fr\/wp-json\/wp\/v2\/product_tag?post=2855"}],"curies":[{"name":"wp","href":"https:\/\/api.w.org\/{rel}","templated":true}]}}