{"id":2843,"date":"2026-03-27T08:19:36","date_gmt":"2026-03-27T08:19:36","guid":{"rendered":"https:\/\/niunielec.com\/?post_type=product&#038;p=2843"},"modified":"2026-03-31T06:08:50","modified_gmt":"2026-03-31T06:08:50","slug":"f10-10-iii-ld-10-pole-rotary-auxiliary-switch-for-12kv-40-5kv-circuit-breaker-secondary-control","status":"publish","type":"product","link":"https:\/\/niunielec.com\/fr\/product\/f10-10-iii-ld-10-pole-rotary-auxiliary-switch-for-12kv-40-5kv-circuit-breaker-secondary-control\/","title":{"rendered":"F10-10 III LD 10 Pole Rotary Auxiliary Switch For 12kV 40.5kV Circuit Breaker Secondary Control"},"content":{"rendered":"<h2 id=\"h2-1\"><span style=\"font-size: 75%;\"><strong>F10-10 III LD 10 Pole Rotary Auxiliary Switch For 12kV 40.5kV Circuit Breaker Secondary Control<\/strong><\/span><\/h2>\n<p><strong>Description du produit<\/strong><\/p>\n<div><strong>Mod\u00e8le : F10-10 III \/LD<\/strong><\/div>\n<ul>\n<li><strong>Sc\u00e9narios d'application de base<\/strong>: Con\u00e7u comme un outil d\u00e9di\u00e9 \u00e0 la <strong>F10-10 III \/LD interrupteur auxiliaire<\/strong> pour les appareillages de commutation \u00e0 haute tension 12kV-40,5kV et les disjoncteurs \u00e0 vide, largement d\u00e9ploy\u00e9s dans les sous-stations de distribution d'\u00e9nergie, les centrales \u00e9lectriques industrielles et les projets d'automatisation des r\u00e9seaux intelligents.<\/li>\n<li><strong>Fonction des touches rotatives<\/strong>: Agit comme une pr\u00e9cision <strong>commutateur de contact auxiliaire rotatif<\/strong> pour fournir un signal de commutation \u00e0 10 p\u00f4les et un retour d'information sur la position, assurant un contr\u00f4le pr\u00e9cis des positions d'essai\/de travail des disjoncteurs pendant les op\u00e9rations de maintenance et de commutation des syst\u00e8mes d'alimentation.<\/li>\n<li><strong>Conception industrielle robuste<\/strong>: Le bo\u00eetier robuste en m\u00e9tal moul\u00e9 et le m\u00e9canisme rotatif con\u00e7u avec pr\u00e9cision offrent une dur\u00e9e de vie m\u00e9canique prolong\u00e9e, id\u00e9ale pour les op\u00e9rations r\u00e9p\u00e9t\u00e9es dans les postes \u00e9lectriques et les environnements industriels difficiles.<\/li>\n<li><strong>Capacit\u00e9 de contr\u00f4le multicanal<\/strong>: La structure compacte \u00e0 10 p\u00f4les r\u00e9pond aux exigences complexes en mati\u00e8re de signaux de commande secondaires. Elle est parfaitement adapt\u00e9e \u00e0 l'automatisation des r\u00e9seaux \u00e9lectriques \u00e0 grande \u00e9chelle et aux syst\u00e8mes de distribution d'\u00e9nergie industriels.<\/li>\n<li><strong>Int\u00e9gration transparente<\/strong>: L'interface de montage standard assure une int\u00e9gration facile dans la plupart des conceptions d'appareillage de commutation et de disjoncteur, ce qui en fait un produit de choix. <strong>disjoncteur interrupteur de contr\u00f4le secondaire<\/strong> pour les int\u00e9grateurs \u00e9lectriques et les fournisseurs d'\u00e9nergie.<\/li>\n<li><strong>S\u00e9curit\u00e9 et conformit\u00e9<\/strong>: Conforme aux normes IEC 60947-5-1, avec des performances \u00e9lectriques stables pour \u00e9viter les erreurs de signal dans les sc\u00e9narios critiques de transmission et de distribution d'\u00e9nergie.<\/li>\n<\/ul>\n<p><strong><b>Num\u00e9ros de contact des interrupteurs auxiliaires de la s\u00e9rie F10<\/b><\/strong><\/p>\n<table>\n<tbody>\n<tr>\n<td><strong><b>Nombre<\/b><\/strong><\/td>\n<td><strong><b>1<\/b><\/strong><\/td>\n<td><strong><b>2<\/b><\/strong><\/td>\n<td><strong><b>3<\/b><\/strong><\/td>\n<td><strong><b>4<\/b><\/strong><\/td>\n<td><strong><b>5<\/b><\/strong><\/td>\n<td><strong><b>6<\/b><\/strong><\/td>\n<td><strong><b>7<\/b><\/strong><\/td>\n<td><strong><b>8<\/b><\/strong><\/td>\n<td><strong><b>9<\/b><\/strong><\/td>\n<td><strong><b>10<\/b><\/strong><\/td>\n<\/tr>\n<tr>\n<td>Num\u00e9ro de contact (normalement ouvert)<\/td>\n<td>1-3<\/td>\n<td>5-7<\/td>\n<td>9-11<\/td>\n<td>13-15<\/td>\n<td>17-19<\/td>\n<td>21-23<\/td>\n<td>25-27<\/td>\n<td>29-31<\/td>\n<td>33-35<\/td>\n<td>37-39<\/td>\n<\/tr>\n<tr>\n<td>Num\u00e9ro de contact (normalement ferm\u00e9)<\/td>\n<td>2-4<\/td>\n<td>6-8<\/td>\n<td>10-12<\/td>\n<td>14-16<\/td>\n<td>18-20<\/td>\n<td>22-24<\/td>\n<td>26-28<\/td>\n<td>30-32<\/td>\n<td>34-36<\/td>\n<td>38-40<\/td>\n<\/tr>\n<\/tbody>\n<\/table>\n<ul>\n<li>Classification de la couleur de l'aluminium (gris argent\u00e9, blanc), proc\u00e9d\u00e9 de galvanoplastie (argenture, dorure)<\/li>\n<li>Peut \u00eatre personnalis\u00e9 en fonction des besoins du client.<\/li>\n<\/ul>\n<p><strong>Informations sur les commandes<\/strong><\/p>\n<ol>\n<li>Nom du produit, mod\u00e8le, quantit\u00e9<\/li>\n<li>Indiquer le nombre de paires de contacts et de joints de commutation, le type et la m\u00e9thode d'installation<\/li>\n<li>Choix des accessoires de connexion<\/li>\n<li>Si l'utilisateur a d'autres exigences particuli\u00e8res, veuillez les expliquer<\/li>\n<\/ol>\n<h3><strong><span style=\"font-size: 75%;\">F10-10 III LD 10 Pole Rotary Auxiliary Switch For 12kV 40.5kV Circuit Breaker Secondary Control<\/span><\/strong><\/h3>\n<p><strong>Dessin<\/strong><\/p>\n<div>\n<p><img loading=\"lazy\" decoding=\"async\" class=\"size-medium wp-image-2849\" src=\"https:\/\/niunielec.com\/wp-content\/uploads\/2026\/03\/f10-10-iii-ld-10-pole-rotary-auxiliary-switch-for-12kv-40.5kv-circuit-breaker-secondary-control-drawing-768x428.webp\" alt=\"f10 10 iii ld 10 pole rotary auxiliary switch for 12kv 40.5kv circuit breaker secondary control\" width=\"768\" height=\"428\" srcset=\"https:\/\/niunielec.com\/wp-content\/uploads\/2026\/03\/f10-10-iii-ld-10-pole-rotary-auxiliary-switch-for-12kv-40.5kv-circuit-breaker-secondary-control-drawing-768x428.webp 768w, https:\/\/niunielec.com\/wp-content\/uploads\/2026\/03\/f10-10-iii-ld-10-pole-rotary-auxiliary-switch-for-12kv-40.5kv-circuit-breaker-secondary-control-drawing-1024x571.webp 1024w, https:\/\/niunielec.com\/wp-content\/uploads\/2026\/03\/f10-10-iii-ld-10-pole-rotary-auxiliary-switch-for-12kv-40.5kv-circuit-breaker-secondary-control-drawing-440x245.webp 440w, https:\/\/niunielec.com\/wp-content\/uploads\/2026\/03\/f10-10-iii-ld-10-pole-rotary-auxiliary-switch-for-12kv-40.5kv-circuit-breaker-secondary-control-drawing-18x10.webp 18w, https:\/\/niunielec.com\/wp-content\/uploads\/2026\/03\/f10-10-iii-ld-10-pole-rotary-auxiliary-switch-for-12kv-40.5kv-circuit-breaker-secondary-control-drawing-600x335.webp 600w, https:\/\/niunielec.com\/wp-content\/uploads\/2026\/03\/f10-10-iii-ld-10-pole-rotary-auxiliary-switch-for-12kv-40.5kv-circuit-breaker-secondary-control-drawing.webp 1033w\" sizes=\"auto, (max-width: 768px) 100vw, 768px\" \/><\/p>\n<\/div>","protected":false},"excerpt":{"rendered":"<div>Le commutateur auxiliaire rotatif F10 10 III LD est un commutateur de contact auxiliaire rotatif \u00e0 10 p\u00f4les con\u00e7u pour les disjoncteurs 12kV 40,5kV, offrant une commutation de signal multicanal fiable pour les syst\u00e8mes de contr\u00f4le secondaire des sous-stations \u00e9lectriques.<\/div>\n<div><\/div>","protected":false},"featured_media":2848,"comment_status":"open","ping_status":"closed","template":"","meta":{"_seopress_robots_primary_cat":"none","_seopress_titles_title":"F10-10 III LD 10 Pole Rotary Auxiliary Switch For 12kV 40.5kV Circuit Breaker Secondary Control","_seopress_titles_desc":"The F10-10 III LD rotary auxiliary switch is a 10-pole rotary auxiliary contact switch for 12kV 40.5kV circuit breakers, enabling reliable multi-channel signal switching in power substation secondary control systems.","_seopress_robots_index":""},"product_brand":[],"product_cat":[24,42],"product_tag":[189,193,194],"class_list":{"0":"post-2843","1":"product","2":"type-product","3":"status-publish","4":"has-post-thumbnail","6":"product_cat-vacuum-circuit-breaker-accessories","7":"product_cat-auxiliary-switch","8":"product_tag-auxiliary-switch","9":"product_tag-auxiliary-switch-for-vcb","10":"product_tag-f10-series-auxiliary-switch","12":"first","13":"instock","14":"shipping-taxable","15":"product-type-simple"},"_links":{"self":[{"href":"https:\/\/niunielec.com\/fr\/wp-json\/wp\/v2\/product\/2843","targetHints":{"allow":["GET"]}}],"collection":[{"href":"https:\/\/niunielec.com\/fr\/wp-json\/wp\/v2\/product"}],"about":[{"href":"https:\/\/niunielec.com\/fr\/wp-json\/wp\/v2\/types\/product"}],"replies":[{"embeddable":true,"href":"https:\/\/niunielec.com\/fr\/wp-json\/wp\/v2\/comments?post=2843"}],"wp:featuredmedia":[{"embeddable":true,"href":"https:\/\/niunielec.com\/fr\/wp-json\/wp\/v2\/media\/2848"}],"wp:attachment":[{"href":"https:\/\/niunielec.com\/fr\/wp-json\/wp\/v2\/media?parent=2843"}],"wp:term":[{"taxonomy":"product_brand","embeddable":true,"href":"https:\/\/niunielec.com\/fr\/wp-json\/wp\/v2\/product_brand?post=2843"},{"taxonomy":"product_cat","embeddable":true,"href":"https:\/\/niunielec.com\/fr\/wp-json\/wp\/v2\/product_cat?post=2843"},{"taxonomy":"product_tag","embeddable":true,"href":"https:\/\/niunielec.com\/fr\/wp-json\/wp\/v2\/product_tag?post=2843"}],"curies":[{"name":"wp","href":"https:\/\/api.w.org\/{rel}","templated":true}]}}