{"id":2828,"date":"2026-03-27T08:02:02","date_gmt":"2026-03-27T08:02:02","guid":{"rendered":"https:\/\/niunielec.com\/?post_type=product&#038;p=2828"},"modified":"2026-03-31T06:11:57","modified_gmt":"2026-03-31T06:11:57","slug":"f10-8-iii-ld-auxiliary-switch-8-pole-rotary-auxiliary-contact-switch-for-switchgear","status":"publish","type":"product","link":"https:\/\/niunielec.com\/fr\/product\/f10-8-iii-ld-auxiliary-switch-8-pole-rotary-auxiliary-contact-switch-for-switchgear\/","title":{"rendered":"F10-8 III LD Interrupteur \u00e0 contact auxiliaire rotatif \u00e0 8 p\u00f4les pour appareillage de connexion"},"content":{"rendered":"<h2 id=\"h2-1\"><span style=\"font-size: 75%;\"><strong>F10-8 III LD Interrupteur \u00e0 contact auxiliaire rotatif \u00e0 8 p\u00f4les pour appareillage de connexion<\/strong><\/span><\/h2>\n<p><strong>Description du produit<\/strong><\/p>\n<div><strong>Mod\u00e8le : F10-8 III\/LD<\/strong><\/div>\n<ul>\n<li><strong>Sc\u00e9narios d'application de base<\/strong>: Con\u00e7u comme un outil d\u00e9di\u00e9 \u00e0 la <strong>F10-8 Interrupteur auxiliaire III\/LD<\/strong> pour les appareillages de commutation et les disjoncteurs \u00e0 haute tension 12kV-40,5kV, largement utilis\u00e9s dans les sous-stations de distribution d'\u00e9nergie, les centrales industrielles et les projets de fabrication d'\u00e9quipements \u00e9lectriques.<\/li>\n<li><strong>Fonction des touches rotatives<\/strong>: Agit en tant que <strong>commutateur de contact auxiliaire rotatif<\/strong> pour assurer une commutation pr\u00e9cise du signal 8 p\u00f4les et un retour d'information sur la position, garantissant une surveillance fiable des positions de test\/de travail des disjoncteurs pendant la maintenance et la commutation du syst\u00e8me d'alimentation.<\/li>\n<li><strong>Conception compacte et durable<\/strong>: Le bo\u00eetier robuste en m\u00e9tal moul\u00e9 et le m\u00e9canisme rotatif garantissent une longue dur\u00e9e de vie m\u00e9canique, adapt\u00e9e \u00e0 des op\u00e9rations r\u00e9p\u00e9t\u00e9es dans des environnements industriels et de sous-stations difficiles.<\/li>\n<li><strong>Contr\u00f4le des signaux multipolaires<\/strong>La structure \u00e0 8 p\u00f4les r\u00e9pond aux exigences complexes des signaux de commande secondaires, ce qui est id\u00e9al pour l'automatisation des r\u00e9seaux \u00e9lectriques \u00e0 grande \u00e9chelle et les syst\u00e8mes de distribution d'\u00e9nergie industriels.<\/li>\n<li><strong>Installation facile et compatibilit\u00e9<\/strong>: L'interface de montage standard s'int\u00e8gre parfaitement \u00e0 la plupart des conceptions d'appareillages et de disjoncteurs, ce qui en fait une solution privil\u00e9gi\u00e9e. <strong>interrupteur auxiliaire<\/strong> pour les int\u00e9grateurs \u00e9lectriques et les entreprises de services publics.<\/li>\n<li><strong>S\u00e9curit\u00e9 et conformit\u00e9<\/strong>: Conforme aux normes IEC 60947-5-1, avec des performances \u00e9lectriques stables pour \u00e9viter les erreurs de signal dans les sc\u00e9narios de transmission d'\u00e9nergie critiques.<\/li>\n<\/ul>\n<p><strong>Conditions de travail<\/strong><\/p>\n<ul>\n<li>L'altitude ne d\u00e9passe pas 3000 m\u00e8tres ;<\/li>\n<li>Temp\u00e9rature ambiante:-40\u2103 ~ +40\u2103 ;<\/li>\n<li>Humidit\u00e9 relative : la valeur moyenne journali\u00e8re n'est pas sup\u00e9rieure \u00e0 95%, la valeur moyenne mensuelle n'est pas sup\u00e9rieure \u00e0 90%, l'acc\u00e9l\u00e9ration des vibrations n'est pas sup\u00e9rieure \u00e0 15 m\/s\u00b2 ;<\/li>\n<li>Le milieu environnant ne pr\u00e9sente aucun risque d'explosion, ne contient pas de poussi\u00e8re conductrice, n'endommage pas l'isolation et ne contient pas de gaz qui corrode le m\u00e9tal.<\/li>\n<\/ul>\n<p><strong><b>Param\u00e8tres techniques<\/b><\/strong><\/p>\n<table>\n<tbody>\n<tr>\n<td><strong><b>T<\/b><\/strong><strong><b>erm<\/b><\/strong><\/td>\n<td><strong><b>DC 110V<\/b><\/strong><\/td>\n<td><strong><b>DC 220V<\/b><\/strong><\/td>\n<td><strong><b>AC 220V\/380V<\/b><\/strong><\/td>\n<\/tr>\n<tr>\n<td>Tension nominale (V)<\/td>\n<td>110<\/td>\n<td>220<\/td>\n<td>220, 380<\/td>\n<\/tr>\n<tr>\n<td>Courant nominal (A)<\/td>\n<td>6<\/td>\n<td>5<\/td>\n<td>10<\/td>\n<\/tr>\n<tr>\n<td rowspan=\"2\">Courant de rupture maximal nominal (A)<\/td>\n<td>6<\/td>\n<td>5<\/td>\n<td>10<\/td>\n<\/tr>\n<tr>\n<td colspan=\"2\">Constante de temps t=20ms<\/td>\n<td>220V, cos\u03a6=0.4<\/td>\n<\/tr>\n<tr>\n<td>Temps de vie<\/td>\n<td>20000<\/td>\n<td>20000<\/td>\n<td>20000<\/td>\n<\/tr>\n<\/tbody>\n<\/table>\n<p>&nbsp;<\/p>\n<p><strong><b>Num\u00e9ros de contact des interrupteurs auxiliaires de la s\u00e9rie F10<\/b><\/strong><\/p>\n<table>\n<tbody>\n<tr>\n<td><strong><b>Nombre<\/b><\/strong><\/td>\n<td><strong><b>1<\/b><\/strong><\/td>\n<td><strong><b>2<\/b><\/strong><\/td>\n<td><strong><b>3<\/b><\/strong><\/td>\n<td><strong><b>4<\/b><\/strong><\/td>\n<td><strong><b>5<\/b><\/strong><\/td>\n<td><strong><b>6<\/b><\/strong><\/td>\n<td><strong><b>7<\/b><\/strong><\/td>\n<td><strong><b>8<\/b><\/strong><\/td>\n<td><strong><b>9<\/b><\/strong><\/td>\n<td><strong><b>10<\/b><\/strong><\/td>\n<\/tr>\n<tr>\n<td>Num\u00e9ro de contact (normalement ouvert)<\/td>\n<td>1-3<\/td>\n<td>5-7<\/td>\n<td>9-11<\/td>\n<td>13-15<\/td>\n<td>17-19<\/td>\n<td>21-23<\/td>\n<td>25-27<\/td>\n<td>29-31<\/td>\n<td>33-35<\/td>\n<td>37-39<\/td>\n<\/tr>\n<tr>\n<td>Num\u00e9ro de contact (normalement ferm\u00e9)<\/td>\n<td>2-4<\/td>\n<td>6-8<\/td>\n<td>10-12<\/td>\n<td>14-16<\/td>\n<td>18-20<\/td>\n<td>22-24<\/td>\n<td>26-28<\/td>\n<td>30-32<\/td>\n<td>34-36<\/td>\n<td>38-40<\/td>\n<\/tr>\n<\/tbody>\n<\/table>\n<ul>\n<li>Classification de la couleur de l'aluminium (gris argent\u00e9, blanc), proc\u00e9d\u00e9 de galvanoplastie (argenture, dorure)<\/li>\n<li>Peut \u00eatre personnalis\u00e9 en fonction des besoins du client.<\/li>\n<\/ul>\n<p><strong>Informations sur les commandes<\/strong><\/p>\n<ol>\n<li>Nom du produit, mod\u00e8le, quantit\u00e9<\/li>\n<li>Indiquer le nombre de paires de contacts et de joints de commutation, le type et la m\u00e9thode d'installation<\/li>\n<li>Choix des accessoires de connexion<\/li>\n<li>Si l'utilisateur a d'autres exigences particuli\u00e8res, veuillez les expliquer<\/li>\n<\/ol>\n<h3><strong><span style=\"font-size: 75%;\">F10-8 III LD Interrupteur \u00e0 contact auxiliaire rotatif \u00e0 8 p\u00f4les<\/span><\/strong><\/h3>\n<p><strong>Dessin<\/strong><\/p>\n<p><img loading=\"lazy\" decoding=\"async\" class=\"wp-image-2832\" src=\"https:\/\/niunielec.com\/wp-content\/uploads\/2026\/03\/f10-8-iiild-auxiliary-switch-8-pole-rotary-auxiliary-contact-switch-for-switchgear-drawing-768x484.webp\" alt=\"f10 8 iii\/ld auxiliary switch | 8 pole rotary auxiliary contact switchar for switchgear\" width=\"632\" height=\"398\" srcset=\"https:\/\/niunielec.com\/wp-content\/uploads\/2026\/03\/f10-8-iiild-auxiliary-switch-8-pole-rotary-auxiliary-contact-switch-for-switchgear-drawing-768x484.webp 768w, https:\/\/niunielec.com\/wp-content\/uploads\/2026\/03\/f10-8-iiild-auxiliary-switch-8-pole-rotary-auxiliary-contact-switch-for-switchgear-drawing-1024x645.webp 1024w, https:\/\/niunielec.com\/wp-content\/uploads\/2026\/03\/f10-8-iiild-auxiliary-switch-8-pole-rotary-auxiliary-contact-switch-for-switchgear-drawing-440x277.webp 440w, https:\/\/niunielec.com\/wp-content\/uploads\/2026\/03\/f10-8-iiild-auxiliary-switch-8-pole-rotary-auxiliary-contact-switch-for-switchgear-drawing-18x12.webp 18w, https:\/\/niunielec.com\/wp-content\/uploads\/2026\/03\/f10-8-iiild-auxiliary-switch-8-pole-rotary-auxiliary-contact-switch-for-switchgear-drawing-600x378.webp 600w, https:\/\/niunielec.com\/wp-content\/uploads\/2026\/03\/f10-8-iiild-auxiliary-switch-8-pole-rotary-auxiliary-contact-switch-for-switchgear-drawing.webp 1178w\" sizes=\"auto, (max-width: 632px) 100vw, 632px\" \/><\/p>","protected":false},"excerpt":{"rendered":"<p>Le contacteur auxiliaire F10-8 III LD est un contacteur auxiliaire rotatif compact \u00e0 8 p\u00f4les con\u00e7u pour les appareillages de commutation \u00e0 haute tension, id\u00e9al pour les sous-stations \u00e9lectriques et les syst\u00e8mes d'alimentation industriels, offrant une commutation fiable des signaux de position.<\/p>","protected":false},"featured_media":2831,"comment_status":"open","ping_status":"closed","template":"","meta":{"_seopress_robots_primary_cat":"none","_seopress_titles_title":"F10-8 III LD 8-Pole Rotary Auxiliary Contact Switch for Switchgear","_seopress_titles_desc":"The F10-8 III LD auxiliary contact switch is a reliable rotary auxiliary contact switch for high-voltage switchgear, delivering stable signal switching for power substation and circuit breaker control systems.","_seopress_robots_index":""},"product_brand":[],"product_cat":[24,42],"product_tag":[189,193,194],"class_list":{"0":"post-2828","1":"product","2":"type-product","3":"status-publish","4":"has-post-thumbnail","6":"product_cat-vacuum-circuit-breaker-accessories","7":"product_cat-auxiliary-switch","8":"product_tag-auxiliary-switch","9":"product_tag-auxiliary-switch-for-vcb","10":"product_tag-f10-series-auxiliary-switch","12":"first","13":"instock","14":"shipping-taxable","15":"product-type-simple"},"_links":{"self":[{"href":"https:\/\/niunielec.com\/fr\/wp-json\/wp\/v2\/product\/2828","targetHints":{"allow":["GET"]}}],"collection":[{"href":"https:\/\/niunielec.com\/fr\/wp-json\/wp\/v2\/product"}],"about":[{"href":"https:\/\/niunielec.com\/fr\/wp-json\/wp\/v2\/types\/product"}],"replies":[{"embeddable":true,"href":"https:\/\/niunielec.com\/fr\/wp-json\/wp\/v2\/comments?post=2828"}],"wp:featuredmedia":[{"embeddable":true,"href":"https:\/\/niunielec.com\/fr\/wp-json\/wp\/v2\/media\/2831"}],"wp:attachment":[{"href":"https:\/\/niunielec.com\/fr\/wp-json\/wp\/v2\/media?parent=2828"}],"wp:term":[{"taxonomy":"product_brand","embeddable":true,"href":"https:\/\/niunielec.com\/fr\/wp-json\/wp\/v2\/product_brand?post=2828"},{"taxonomy":"product_cat","embeddable":true,"href":"https:\/\/niunielec.com\/fr\/wp-json\/wp\/v2\/product_cat?post=2828"},{"taxonomy":"product_tag","embeddable":true,"href":"https:\/\/niunielec.com\/fr\/wp-json\/wp\/v2\/product_tag?post=2828"}],"curies":[{"name":"wp","href":"https:\/\/api.w.org\/{rel}","templated":true}]}}