{"id":2822,"date":"2026-03-27T07:51:45","date_gmt":"2026-03-27T07:51:45","guid":{"rendered":"https:\/\/niunielec.com\/?post_type=product&#038;p=2822"},"modified":"2026-03-31T06:25:09","modified_gmt":"2026-03-31T06:25:09","slug":"fk10-ii-50-10-pole-switchgear-auxiliary-switch","status":"publish","type":"product","link":"https:\/\/niunielec.com\/fr\/product\/fk10-ii-50-10-pole-switchgear-auxiliary-switch\/","title":{"rendered":"FK10-II-50 Interrupteur auxiliaire de commutation \u00e0 10 p\u00f4les"},"content":{"rendered":"<h2 id=\"h2-1\"><span style=\"font-size: 75%;\"><strong>FK10-II-50 Interrupteur auxiliaire de commutation \u00e0 10 p\u00f4les<\/strong><\/span><\/h2>\n<p><strong>Description du produit<\/strong><\/p>\n<div><strong>Mod\u00e8le : FK10-II-50<\/strong><\/div>\n<ul>\n<li><strong>Sc\u00e9narios d'application de base<\/strong>: Con\u00e7u comme un interrupteur auxiliaire FK10-II-50 d\u00e9di\u00e9 pour <strong>Appareils de commutation \u00e0 haute tension 36kV\/40,5kV <\/strong>et les disjoncteurs \u00e0 vide, largement utilis\u00e9s dans les sous-stations de distribution d'\u00e9nergie, les centrales \u00e9lectriques industrielles et les projets de fabrication d'appareillage de commutation.<\/li>\n<li><strong>Fonction des touches en fonctionnement<\/strong>: Agit comme un interrupteur de contact auxiliaire de l'appareillage de commutation pour fournir un signal de commutation et un contr\u00f4le de position pr\u00e9cis \u00e0 10 p\u00f4les, assurant un fonctionnement fiable entre les positions de test et de travail pendant la maintenance des disjoncteurs et la commutation du syst\u00e8me d'alimentation.<\/li>\n<li><strong>Bo\u00eetier transparent pour la maintenance sur site<\/strong>: Le bo\u00eetier PC transparent permet aux ing\u00e9nieurs sur site d'inspecter visuellement l'\u00e9tat des contacts d'un seul coup d'\u0153il, r\u00e9duisant ainsi le temps de d\u00e9pannage lors de la maintenance des sous-stations.<\/li>\n<li><strong>Conception multipolaire pour les syst\u00e8mes complexes<\/strong>: La structure compacte \u00e0 10 p\u00f4les r\u00e9pond aux exigences complexes en mati\u00e8re de signaux de commande multicanaux et convient parfaitement aux projets de r\u00e9seaux \u00e9lectriques \u00e0 grande \u00e9chelle et aux syst\u00e8mes de distribution d'\u00e9nergie industriels.<\/li>\n<li><strong>Des performances fiables dans des environnements difficiles<\/strong>: Con\u00e7u pour 660V\/15A, avec une longue dur\u00e9e de vie m\u00e9canique et \u00e9lectrique, et compatible avec le montage d'un appareillage de commutation standard pour un fonctionnement stable dans des environnements \u00e9lectriques \u00e0 haute tension.<\/li>\n<li><strong>Large compatibilit\u00e9<\/strong>: S'int\u00e8gre en toute transparence aux disjoncteurs et \u00e0 l'appareillage de commutation standard de 36kV\/40,5kV, ce qui en fait un outil de choix pour la mise en \u0153uvre de la politique de protection de l'environnement. <strong>disjoncteur interrupteur auxiliaire<\/strong> pour les compagnies d'\u00e9lectricit\u00e9 et les int\u00e9grateurs d'\u00e9quipements \u00e9lectriques.<\/li>\n<li><strong>S\u00e9curit\u00e9 et conformit\u00e9<\/strong>: Conforme aux normes IEC 60947-5-1, avec des fonctions anti-fausse man\u0153uvre pour \u00e9viter les erreurs de signal dans les sc\u00e9narios critiques de transmission et de distribution d'\u00e9nergie.<\/li>\n<\/ul>\n<h3><span style=\"font-size: 75%;\"><strong>FK10-II-50 Interrupteur auxiliaire de commutation \u00e0 10 p\u00f4les<\/strong><\/span><\/h3>\n<p><strong>Dessin<\/strong><\/p>\n<p><img loading=\"lazy\" decoding=\"async\" class=\"wp-image-2825\" src=\"https:\/\/niunielec.com\/wp-content\/uploads\/2026\/03\/fk10-ii-50-auxiliary-switch-10-pole-auxiliary-contact-switch-for-36kv40.5kv-switchgear-drawing-768x521.webp\" alt=\"fk10 ii 50 interrupteur auxiliaire | interrupteur \u00e0 contact auxiliaire 10 p\u00f4les pour appareillage 36kv\/40,5kv\" width=\"598\" height=\"406\" srcset=\"https:\/\/niunielec.com\/wp-content\/uploads\/2026\/03\/fk10-ii-50-auxiliary-switch-10-pole-auxiliary-contact-switch-for-36kv40.5kv-switchgear-drawing-768x521.webp 768w, https:\/\/niunielec.com\/wp-content\/uploads\/2026\/03\/fk10-ii-50-auxiliary-switch-10-pole-auxiliary-contact-switch-for-36kv40.5kv-switchgear-drawing-1024x694.webp 1024w, https:\/\/niunielec.com\/wp-content\/uploads\/2026\/03\/fk10-ii-50-auxiliary-switch-10-pole-auxiliary-contact-switch-for-36kv40.5kv-switchgear-drawing-440x298.webp 440w, https:\/\/niunielec.com\/wp-content\/uploads\/2026\/03\/fk10-ii-50-auxiliary-switch-10-pole-auxiliary-contact-switch-for-36kv40.5kv-switchgear-drawing-1536x1042.webp 1536w, https:\/\/niunielec.com\/wp-content\/uploads\/2026\/03\/fk10-ii-50-auxiliary-switch-10-pole-auxiliary-contact-switch-for-36kv40.5kv-switchgear-drawing-2048x1389.webp 2048w, https:\/\/niunielec.com\/wp-content\/uploads\/2026\/03\/fk10-ii-50-auxiliary-switch-10-pole-auxiliary-contact-switch-for-36kv40.5kv-switchgear-drawing-18x12.webp 18w, https:\/\/niunielec.com\/wp-content\/uploads\/2026\/03\/fk10-ii-50-auxiliary-switch-10-pole-auxiliary-contact-switch-for-36kv40.5kv-switchgear-drawing-600x407.webp 600w\" sizes=\"auto, (max-width: 598px) 100vw, 598px\" \/><\/p>\n<p>&nbsp;<\/p>","protected":false},"excerpt":{"rendered":"<div>L'interrupteur auxiliaire pour appareillage de commutation FK10-II-50 est un interrupteur \u00e0 contact auxiliaire \u00e0 10 p\u00f4les con\u00e7u pour les appareillages de commutation de 36kV\/40,5kV, id\u00e9al pour les sous-stations \u00e9lectriques et la distribution d'\u00e9nergie industrielle, offrant un bo\u00eetier transparent pour une maintenance rapide et une commutation de signal multicanal fiable.<\/div>\n<div><\/div>","protected":false},"featured_media":2826,"comment_status":"open","ping_status":"closed","template":"","meta":{"_seopress_robots_primary_cat":"none","_seopress_titles_title":"FK10-II-50 10-Pole Switchgear Auxiliary Switch","_seopress_titles_desc":"The FK10-II-50 switchgear auxiliary switch is a 10-pole switchgear auxiliary contact switch for 36kV or 40.5kV switchgear, ideal for power substations and industrial power distribution.","_seopress_robots_index":""},"product_brand":[],"product_cat":[24,42],"product_tag":[189,190,192],"class_list":{"0":"post-2822","1":"product","2":"type-product","3":"status-publish","4":"has-post-thumbnail","6":"product_cat-vacuum-circuit-breaker-accessories","7":"product_cat-auxiliary-switch","8":"product_tag-auxiliary-switch","9":"product_tag-auxiliary-switch-for-switchgear","10":"product_tag-fk10-series-auxiliary-switch","12":"first","13":"instock","14":"shipping-taxable","15":"product-type-simple"},"_links":{"self":[{"href":"https:\/\/niunielec.com\/fr\/wp-json\/wp\/v2\/product\/2822","targetHints":{"allow":["GET"]}}],"collection":[{"href":"https:\/\/niunielec.com\/fr\/wp-json\/wp\/v2\/product"}],"about":[{"href":"https:\/\/niunielec.com\/fr\/wp-json\/wp\/v2\/types\/product"}],"replies":[{"embeddable":true,"href":"https:\/\/niunielec.com\/fr\/wp-json\/wp\/v2\/comments?post=2822"}],"wp:featuredmedia":[{"embeddable":true,"href":"https:\/\/niunielec.com\/fr\/wp-json\/wp\/v2\/media\/2826"}],"wp:attachment":[{"href":"https:\/\/niunielec.com\/fr\/wp-json\/wp\/v2\/media?parent=2822"}],"wp:term":[{"taxonomy":"product_brand","embeddable":true,"href":"https:\/\/niunielec.com\/fr\/wp-json\/wp\/v2\/product_brand?post=2822"},{"taxonomy":"product_cat","embeddable":true,"href":"https:\/\/niunielec.com\/fr\/wp-json\/wp\/v2\/product_cat?post=2822"},{"taxonomy":"product_tag","embeddable":true,"href":"https:\/\/niunielec.com\/fr\/wp-json\/wp\/v2\/product_tag?post=2822"}],"curies":[{"name":"wp","href":"https:\/\/api.w.org\/{rel}","templated":true}]}}