{"id":2807,"date":"2026-03-27T07:24:57","date_gmt":"2026-03-27T07:24:57","guid":{"rendered":"https:\/\/niunielec.com\/?post_type=product&#038;p=2807"},"modified":"2026-03-31T06:48:18","modified_gmt":"2026-03-31T06:48:18","slug":"fk10-ii-22-fk10-series-auxiliary-switch-for-switchgear","status":"publish","type":"product","link":"https:\/\/niunielec.com\/fr\/product\/fk10-ii-22-fk10-series-auxiliary-switch-for-switchgear\/","title":{"rendered":"FK10-II-22 Interrupteur auxiliaire de la s\u00e9rie FK10 pour l'appareillage de commutation"},"content":{"rendered":"<h2 id=\"h2-1\"><strong><span style=\"font-size: 75%;\">FK10-II-22 Interrupteur auxiliaire de la s\u00e9rie FK10 pour l'appareillage de commutation<\/span><\/strong><\/h2>\n<p><strong>Description du produit<\/strong><\/p>\n<div><strong>Mod\u00e8le : FK10-II-22<\/strong><\/div>\n<ul>\n<li><strong>Application de base<\/strong>: Con\u00e7u comme un outil d\u00e9di\u00e9 \u00e0 la <strong>Interrupteur auxiliaire FK10-II-22<\/strong> pour les appareillages de commutation \u00e0 haute tension et les disjoncteurs \u00e0 vide, utilis\u00e9s dans les circuits de commande secondaires pour le retour des signaux de position.<\/li>\n<li><strong>Fonction des touches<\/strong>: Sert de <strong>interrupteur de contact auxiliaire<\/strong> pour assurer une commutation pr\u00e9cise des signaux et une surveillance de la position, garantissant un fonctionnement fiable entre les positions de test et de travail des disjoncteurs.<\/li>\n<li><strong>Conception transparente<\/strong>: Le bo\u00eetier PC transparent permet une inspection visuelle directe de l'\u00e9tat des contacts, ce qui simplifie la maintenance et le d\u00e9pannage pour les ing\u00e9nieurs.<\/li>\n<li><strong>Performance technique<\/strong>: Con\u00e7u pour 660V\/15A, avec une structure multipolaire robuste qui r\u00e9pond aux normes industrielles pour une longue dur\u00e9e de vie m\u00e9canique et \u00e9lectrique.<\/li>\n<li><strong>Large compatibilit\u00e9<\/strong>: S'int\u00e8gre parfaitement aux appareillages et disjoncteurs standard de 36kV\/40,5kV, ce qui en fait un outil de choix pour la gestion de l'\u00e9nergie et de l'environnement. <strong>disjoncteur interrupteur auxiliaire<\/strong> pour les sous-stations \u00e9lectriques.<\/li>\n<li><strong>Conformit\u00e9 en mati\u00e8re de s\u00e9curit\u00e9<\/strong>: Conforme aux normes CEI, avec des caract\u00e9ristiques anti-fausse man\u0153uvre pour minimiser les erreurs de signal dans les syst\u00e8mes d'alimentation \u00e0 haute tension.<\/li>\n<\/ul>\n<h3><span style=\"font-size: 75%;\"><strong>FK10-II-22 Interrupteur auxiliaire de la s\u00e9rie FK10 pour l'appareillage de commutation<\/strong><\/span><\/h3>\n<p><strong>Dessin<\/strong><\/p>\n<p><img loading=\"lazy\" decoding=\"async\" class=\"wp-image-2811\" src=\"https:\/\/niunielec.com\/wp-content\/uploads\/2026\/03\/fk10-ii-22-auxiliary-contact-switch-transparent-housing-auxiliary-switch-for-switchgear-drawing-768x591.webp\" alt=\"fk10 ii 22 interrupteur de contact auxiliaire | bo\u00eetier transparent interrupteur auxiliaire pour appareillage de commutation\" width=\"659\" height=\"507\" srcset=\"https:\/\/niunielec.com\/wp-content\/uploads\/2026\/03\/fk10-ii-22-auxiliary-contact-switch-transparent-housing-auxiliary-switch-for-switchgear-drawing-768x591.webp 768w, https:\/\/niunielec.com\/wp-content\/uploads\/2026\/03\/fk10-ii-22-auxiliary-contact-switch-transparent-housing-auxiliary-switch-for-switchgear-drawing-440x339.webp 440w, https:\/\/niunielec.com\/wp-content\/uploads\/2026\/03\/fk10-ii-22-auxiliary-contact-switch-transparent-housing-auxiliary-switch-for-switchgear-drawing-16x12.webp 16w, https:\/\/niunielec.com\/wp-content\/uploads\/2026\/03\/fk10-ii-22-auxiliary-contact-switch-transparent-housing-auxiliary-switch-for-switchgear-drawing-600x462.webp 600w, https:\/\/niunielec.com\/wp-content\/uploads\/2026\/03\/fk10-ii-22-auxiliary-contact-switch-transparent-housing-auxiliary-switch-for-switchgear-drawing.webp 844w\" sizes=\"auto, (max-width: 659px) 100vw, 659px\" \/><\/p>","protected":false},"excerpt":{"rendered":"<p>L'interrupteur auxiliaire de la s\u00e9rie FK10-II-22 est un interrupteur \u00e0 contact auxiliaire compact con\u00e7u pour le contr\u00f4le secondaire des disjoncteurs, offrant un bo\u00eetier transparent et des performances de commutation de signal fiables.<\/p>","protected":false},"featured_media":2810,"comment_status":"open","ping_status":"closed","template":"","meta":{"_seopress_robots_primary_cat":"none","_seopress_titles_title":"FK10-II-22 FK10 Series auxiliary switch for Switchgear","_seopress_titles_desc":"The FK10-II-22 FK10 Series auxiliary switch is a reliable switchgear auxiliary contact switch for circuit breaker secondary control, featuring transparent housing and stable 660V\/15A performance.","_seopress_robots_index":""},"product_brand":[],"product_cat":[24,42],"product_tag":[189,190,192],"class_list":{"0":"post-2807","1":"product","2":"type-product","3":"status-publish","4":"has-post-thumbnail","6":"product_cat-vacuum-circuit-breaker-accessories","7":"product_cat-auxiliary-switch","8":"product_tag-auxiliary-switch","9":"product_tag-auxiliary-switch-for-switchgear","10":"product_tag-fk10-series-auxiliary-switch","12":"first","13":"instock","14":"shipping-taxable","15":"product-type-simple"},"_links":{"self":[{"href":"https:\/\/niunielec.com\/fr\/wp-json\/wp\/v2\/product\/2807","targetHints":{"allow":["GET"]}}],"collection":[{"href":"https:\/\/niunielec.com\/fr\/wp-json\/wp\/v2\/product"}],"about":[{"href":"https:\/\/niunielec.com\/fr\/wp-json\/wp\/v2\/types\/product"}],"replies":[{"embeddable":true,"href":"https:\/\/niunielec.com\/fr\/wp-json\/wp\/v2\/comments?post=2807"}],"wp:featuredmedia":[{"embeddable":true,"href":"https:\/\/niunielec.com\/fr\/wp-json\/wp\/v2\/media\/2810"}],"wp:attachment":[{"href":"https:\/\/niunielec.com\/fr\/wp-json\/wp\/v2\/media?parent=2807"}],"wp:term":[{"taxonomy":"product_brand","embeddable":true,"href":"https:\/\/niunielec.com\/fr\/wp-json\/wp\/v2\/product_brand?post=2807"},{"taxonomy":"product_cat","embeddable":true,"href":"https:\/\/niunielec.com\/fr\/wp-json\/wp\/v2\/product_cat?post=2807"},{"taxonomy":"product_tag","embeddable":true,"href":"https:\/\/niunielec.com\/fr\/wp-json\/wp\/v2\/product_tag?post=2807"}],"curies":[{"name":"wp","href":"https:\/\/api.w.org\/{rel}","templated":true}]}}