{"id":2230,"date":"2025-09-26T13:23:52","date_gmt":"2025-09-26T13:23:52","guid":{"rendered":"https:\/\/niunielec.com\/?post_type=product&#038;p=2230"},"modified":"2026-04-03T03:52:05","modified_gmt":"2026-04-03T03:52:05","slug":"fln36-indoor-12kv-24kv-lbs-medium-voltage-sf6-gas-insulated-load-break-switch","status":"publish","type":"product","link":"https:\/\/niunielec.com\/fr\/product\/fln36-indoor-12kv-24kv-lbs-medium-voltage-sf6-gas-insulated-load-break-switch\/","title":{"rendered":"FLN36 Interrupteur de rupture de charge int\u00e9rieur 12kv 24kv LBS Moyenne tension isol\u00e9 au gaz SF6"},"content":{"rendered":"<h2 id=\"h2-1\"><span style=\"font-size: 75%;\"><strong>FLN36 Interrupteur de rupture de charge int\u00e9rieur 12kv 24kv LBS Moyenne tension isol\u00e9 au gaz SF6<\/strong><\/span><\/h2>\n<h3><strong><span style=\"font-size: 75%;\">Production Description<\/span><\/strong><\/h3>\n<h4><strong>Application<\/strong><br \/>\nUtilisation : Appareils de commutation \u00e0 haute tension<br \/>\nMaterial: Epoxy Resin<br \/>\nSp\u00e9cification : Interrupteur de rupture de charge 12KV SF6<\/h4>\n<h4><strong>\u00c9tat de fonctionnement<\/strong><br \/>\n1) Altitude : \u22641000m<br \/>\n2. Temp\u00e9rature ambiante : +40\u00b0C~10\u00b0C<br \/>\n3. L'humidit\u00e9 relative ne doit pas \u00eatre sup\u00e9rieure \u00e0 95%\u00e0+20\u00b0C de temp\u00e9rature ambiante.<\/h4>\n<h3><strong><span style=\"font-size: 75%;\">FLN36 Interrupteur de rupture de charge int\u00e9rieur 12kv 24kv LBS Moyenne tension isol\u00e9 au gaz SF6<\/span><\/strong><\/h3>\n<h4><strong>Param\u00e8tres techniques<\/strong><\/h4>\n<table width=\"973\">\n<tbody>\n<tr>\n<td colspan=\"2\" width=\"477\">Objet<\/td>\n<td width=\"248\">Unit\u00e9<\/td>\n<td width=\"248\">Donn\u00e9es<\/td>\n<\/tr>\n<tr>\n<td colspan=\"2\">Tension nominale<\/td>\n<td>KV<\/td>\n<td>12<\/td>\n<\/tr>\n<tr>\n<td colspan=\"2\">Fr\u00e9quence nominale<\/td>\n<td>Hz<\/td>\n<td>50<\/td>\n<\/tr>\n<tr>\n<td colspan=\"2\">Courant nominal<\/td>\n<td>A<\/td>\n<td>630<\/td>\n<\/tr>\n<tr>\n<td colspan=\"2\">Courant nominal<\/td>\n<td>KA<\/td>\n<td>50<\/td>\n<\/tr>\n<tr>\n<td colspan=\"2\">4s Courant nominal de r\u00e9sistance \u00e0 court terme<\/td>\n<td>KA<\/td>\n<td>20<\/td>\n<\/tr>\n<tr>\n<td colspan=\"2\">Courant nominal de fabrication<\/td>\n<td>KA<\/td>\n<td>50<\/td>\n<\/tr>\n<tr>\n<td rowspan=\"3\">Courant de rupture nominal<\/td>\n<td>\u00a0Courant de rupture de la charge active<\/td>\n<td>KA<\/td>\n<td>630<\/td>\n<\/tr>\n<tr>\n<td width=\"248\">Rupture de la boucle de courant<\/td>\n<td>A<\/td>\n<td>630<\/td>\n<\/tr>\n<tr>\n<td>Courant de rupture de la charge du c\u00e2ble<\/td>\n<td>A<\/td>\n<td>10<\/td>\n<\/tr>\n<tr>\n<td colspan=\"2\">1min power frequency withstand voltage (phase to phase, to earth, fracture)<\/td>\n<td>KV<\/td>\n<td>42\/48<\/td>\n<\/tr>\n<tr>\n<td colspan=\"2\">Lightning impulse withstand voltage (phase to phase, to earth, fracture)<\/td>\n<td>KV<\/td>\n<td>75\/85<\/td>\n<\/tr>\n<tr>\n<td colspan=\"2\">Pression relative du gaz SF6 (20\u2103 GP)<\/td>\n<td>MPa<\/td>\n<td>\u22640.04<\/td>\n<\/tr>\n<tr>\n<td colspan=\"2\">Tension nominale de fonctionnement (\u00e9lectrique)<\/td>\n<td>V<\/td>\n<td>AC220,DC220<\/td>\n<\/tr>\n<tr>\n<td colspan=\"2\">Tension nominale du d\u00e9clencheur \u00e0 \u00e9mission<\/td>\n<td>V<\/td>\n<td width=\"248\">AC220,DC220<\/td>\n<\/tr>\n<tr>\n<td colspan=\"2\">Vitesse d'ouverture moyenne<\/td>\n<td>P\/S<\/td>\n<td>3.5\u00b11.5<\/td>\n<\/tr>\n<tr>\n<td colspan=\"2\">Vitesse de fermeture moyenne<\/td>\n<td>P\/S<\/td>\n<td>3.5\u00b11.6<\/td>\n<\/tr>\n<tr>\n<td colspan=\"2\">Three-phase points, dosing phase of the same<\/td>\n<td>ms<\/td>\n<td>\u22643<\/td>\n<\/tr>\n<tr>\n<td colspan=\"2\">La r\u00e9sistance du circuit principal<\/td>\n<td>\u03bc\u03a9<\/td>\n<td>\u2264120<\/td>\n<\/tr>\n<tr>\n<td colspan=\"2\">Couple maximal manuel<\/td>\n<td>N.m<\/td>\n<td>\u2264160<\/td>\n<\/tr>\n<tr>\n<td colspan=\"2\">Entraxe entre phases<\/td>\n<td>mm<\/td>\n<td>210\u00b10.5<\/td>\n<\/tr>\n<\/tbody>\n<\/table>\n<p>&nbsp;<\/p>","protected":false},"excerpt":{"rendered":"<p>Le disjoncteur est un appareil de commutation moyenne tension \u00e0 porte offrant trois \u00e9tats de fonctionnement : ferm\u00e9, ouvert et mis \u00e0 la terre. Dot\u00e9 d'un bo\u00eetier en \u00e9poxy renforc\u00e9 et enti\u00e8rement scell\u00e9, rempli de gaz SF6 \u00e0 0,05 MPa, il utilise le SF6 pour l'isolation et l'extinction des arcs \u00e9lectriques. Le circuit principal est encapsul\u00e9 dans l'\u00e9poxy \u00e0 l'int\u00e9rieur du bo\u00eetier, ce qui garantit une conductivit\u00e9 fiable. Avec un minimum de composants, il offre une grande fiabilit\u00e9, un fonctionnement sans entretien et des performances s\u00fbres et conviviales.<\/p>","protected":false},"featured_media":2236,"comment_status":"open","ping_status":"closed","template":"","meta":{"_seopress_robots_primary_cat":"none","_seopress_titles_title":"12KV 24KV FLN36 SF6 Gas Insulated Load Break Switch (LBS)","_seopress_titles_desc":"SF6 Gas Insulated Load Break Switch (LBS): 12KV & 24KV models. Sealed, maintenance-free epoxy housing ensures safe, reliable operation for switchgear.","_seopress_robots_index":""},"product_brand":[],"product_cat":[27,67],"product_tag":[82,84,85,83,81,80],"class_list":{"0":"post-2230","1":"product","2":"type-product","3":"status-publish","4":"has-post-thumbnail","6":"product_cat-ring-main-unit-component","7":"product_cat-sf6-load-break-switch","8":"product_tag-12kv-lbs","9":"product_tag-12kv-load-break-switch","10":"product_tag-24kv-lbs","11":"product_tag-lbs","12":"product_tag-load-break-switch","13":"product_tag-sf6-load-break-switch","15":"first","16":"instock","17":"shipping-taxable","18":"product-type-simple"},"_links":{"self":[{"href":"https:\/\/niunielec.com\/fr\/wp-json\/wp\/v2\/product\/2230","targetHints":{"allow":["GET"]}}],"collection":[{"href":"https:\/\/niunielec.com\/fr\/wp-json\/wp\/v2\/product"}],"about":[{"href":"https:\/\/niunielec.com\/fr\/wp-json\/wp\/v2\/types\/product"}],"replies":[{"embeddable":true,"href":"https:\/\/niunielec.com\/fr\/wp-json\/wp\/v2\/comments?post=2230"}],"wp:featuredmedia":[{"embeddable":true,"href":"https:\/\/niunielec.com\/fr\/wp-json\/wp\/v2\/media\/2236"}],"wp:attachment":[{"href":"https:\/\/niunielec.com\/fr\/wp-json\/wp\/v2\/media?parent=2230"}],"wp:term":[{"taxonomy":"product_brand","embeddable":true,"href":"https:\/\/niunielec.com\/fr\/wp-json\/wp\/v2\/product_brand?post=2230"},{"taxonomy":"product_cat","embeddable":true,"href":"https:\/\/niunielec.com\/fr\/wp-json\/wp\/v2\/product_cat?post=2230"},{"taxonomy":"product_tag","embeddable":true,"href":"https:\/\/niunielec.com\/fr\/wp-json\/wp\/v2\/product_tag?post=2230"}],"curies":[{"name":"wp","href":"https:\/\/api.w.org\/{rel}","templated":true}]}}