{"id":2230,"date":"2025-09-26T13:23:52","date_gmt":"2025-09-26T13:23:52","guid":{"rendered":"https:\/\/niunielec.com\/?post_type=product&#038;p=2230"},"modified":"2026-04-03T03:52:05","modified_gmt":"2026-04-03T03:52:05","slug":"fln36-indoor-12kv-24kv-lbs-medium-voltage-sf6-gas-insulated-load-break-switch","status":"publish","type":"product","link":"https:\/\/niunielec.com\/es\/product\/fln36-indoor-12kv-24kv-lbs-medium-voltage-sf6-gas-insulated-load-break-switch\/","title":{"rendered":"FLN36 Interior 12kv 24kv LBS Interruptor-seccionador de media tensi\u00f3n con aislamiento en gas SF6"},"content":{"rendered":"<h2 id=\"h2-1\"><span style=\"font-size: 75%;\"><strong>FLN36 Interior 12kv 24kv LBS Interruptor-seccionador de media tensi\u00f3n con aislamiento en gas SF6<\/strong><\/span><\/h2>\n<h3><strong><span style=\"font-size: 75%;\">Descripci\u00f3n de la producci\u00f3n<\/span><\/strong><\/h3>\n<h4><strong>Aplicaci\u00f3n<\/strong><br \/>\nUtilizaci\u00f3n: Aparamenta de alta tensi\u00f3n<br \/>\nMaterial: Resina epoxi<br \/>\nEspecificaci\u00f3n: Interruptor-seccionador 12KV SF6<\/h4>\n<h4><strong>Estado de funcionamiento<\/strong><br \/>\n1.Altitud:\u22641000m<br \/>\n2. Temperatura ambiente:+40\u00b0C~10\u00b0C<br \/>\n3. La humedad relativa no debe ser superior a 95%a+20\u00b0C de temperatura ambiente.<\/h4>\n<h3><strong><span style=\"font-size: 75%;\">FLN36 Interior 12kv 24kv LBS Interruptor-seccionador de media tensi\u00f3n con aislamiento en gas SF6<\/span><\/strong><\/h3>\n<h4><strong>Par\u00e1metros t\u00e9cnicos<\/strong><\/h4>\n<table width=\"973\">\n<tbody>\n<tr>\n<td colspan=\"2\" width=\"477\">Art\u00edculo<\/td>\n<td width=\"248\">Unidad<\/td>\n<td width=\"248\">Datos<\/td>\n<\/tr>\n<tr>\n<td colspan=\"2\">Tensi\u00f3n nominal<\/td>\n<td>KV<\/td>\n<td>12<\/td>\n<\/tr>\n<tr>\n<td colspan=\"2\">Frecuencia nominal<\/td>\n<td>Hz<\/td>\n<td>50<\/td>\n<\/tr>\n<tr>\n<td colspan=\"2\">Corriente nominal<\/td>\n<td>A<\/td>\n<td>630<\/td>\n<\/tr>\n<tr>\n<td colspan=\"2\">Corriente nominal<\/td>\n<td>KA<\/td>\n<td>50<\/td>\n<\/tr>\n<tr>\n<td colspan=\"2\">Corriente nominal de corta duraci\u00f3n de 4 s<\/td>\n<td>KA<\/td>\n<td>20<\/td>\n<\/tr>\n<tr>\n<td colspan=\"2\">Corriente nominal de fabricaci\u00f3n<\/td>\n<td>KA<\/td>\n<td>50<\/td>\n<\/tr>\n<tr>\n<td rowspan=\"3\">Corriente nominal de ruptura<\/td>\n<td>\u00a0Corriente de corte de la carga activa<\/td>\n<td>KA<\/td>\n<td>630<\/td>\n<\/tr>\n<tr>\n<td width=\"248\">Bucle de corriente de ruptura<\/td>\n<td>A<\/td>\n<td>630<\/td>\n<\/tr>\n<tr>\n<td>Corriente de rotura de carga del cable<\/td>\n<td>A<\/td>\n<td>10<\/td>\n<\/tr>\n<tr>\n<td colspan=\"2\">1min frecuencia de potencia tensi\u00f3n soportada (fase a fase, a tierra, fractura)<\/td>\n<td>KV<\/td>\n<td>42\/48<\/td>\n<\/tr>\n<tr>\n<td colspan=\"2\">Tensi\u00f3n soportada por impulso de rayo (fase a fase, a tierra, fractura)<\/td>\n<td>KV<\/td>\n<td>75\/85<\/td>\n<\/tr>\n<tr>\n<td colspan=\"2\">Presi\u00f3n relativa del gas SF6 (20\u2103 GP)<\/td>\n<td>MPa<\/td>\n<td>\u22640.04<\/td>\n<\/tr>\n<tr>\n<td colspan=\"2\">Tensi\u00f3n nominal de funcionamiento (el\u00e9ctrica)<\/td>\n<td>V<\/td>\n<td>AC220,DC220<\/td>\n<\/tr>\n<tr>\n<td colspan=\"2\">Tensi\u00f3n nominal del rel\u00e9 de derivaci\u00f3n<\/td>\n<td>V<\/td>\n<td width=\"248\">AC220,DC220<\/td>\n<\/tr>\n<tr>\n<td colspan=\"2\">Velocidad media de apertura<\/td>\n<td>M\/S<\/td>\n<td>3.5\u00b11.5<\/td>\n<\/tr>\n<tr>\n<td colspan=\"2\">Velocidad media de cierre<\/td>\n<td>M\/S<\/td>\n<td>3.5\u00b11.6<\/td>\n<\/tr>\n<tr>\n<td colspan=\"2\">Puntos trif\u00e1sicos, fase de dosificaci\u00f3n de los mismos<\/td>\n<td>ms<\/td>\n<td>\u22643<\/td>\n<\/tr>\n<tr>\n<td colspan=\"2\">La resistencia del circuito principal<\/td>\n<td>\u03bc\u03a9<\/td>\n<td>\u2264120<\/td>\n<\/tr>\n<tr>\n<td colspan=\"2\">Par m\u00e1ximo manual<\/td>\n<td>N.m<\/td>\n<td>\u2264160<\/td>\n<\/tr>\n<tr>\n<td colspan=\"2\">Distancia entre centros de fase<\/td>\n<td>mm<\/td>\n<td>210\u00b10.5<\/td>\n<\/tr>\n<\/tbody>\n<\/table>\n<p>&nbsp;<\/p>","protected":false},"excerpt":{"rendered":"<p>El seccionador de carga es una celda de media tensi\u00f3n de tipo puerta que ofrece tres estados operativos: cerrado, abierto y conectado a tierra. Con una carcasa de epoxi reforzada y totalmente sellada, rellena de gas SF6 a 0,05 MPa, utiliza SF6 para el aislamiento y la extinci\u00f3n de arcos. El circuito principal est\u00e1 encapsulado en epoxi dentro de la carcasa, lo que garantiza una conductividad fiable. Con un m\u00ednimo de componentes, ofrece una alta fiabilidad, un funcionamiento sin mantenimiento y un rendimiento seguro y f\u00e1cil de usar.<\/p>","protected":false},"featured_media":2236,"comment_status":"open","ping_status":"closed","template":"","meta":{"_seopress_robots_primary_cat":"none","_seopress_titles_title":"12KV 24KV FLN36 SF6 Gas Insulated Load Break Switch (LBS)","_seopress_titles_desc":"SF6 Gas Insulated Load Break Switch (LBS): 12KV & 24KV models. Sealed, maintenance-free epoxy housing ensures safe, reliable operation for switchgear.","_seopress_robots_index":""},"product_brand":[],"product_cat":[27,67],"product_tag":[82,84,85,83,81,80],"class_list":{"0":"post-2230","1":"product","2":"type-product","3":"status-publish","4":"has-post-thumbnail","6":"product_cat-ring-main-unit-component","7":"product_cat-sf6-load-break-switch","8":"product_tag-12kv-lbs","9":"product_tag-12kv-load-break-switch","10":"product_tag-24kv-lbs","11":"product_tag-lbs","12":"product_tag-load-break-switch","13":"product_tag-sf6-load-break-switch","15":"first","16":"instock","17":"shipping-taxable","18":"product-type-simple"},"_links":{"self":[{"href":"https:\/\/niunielec.com\/es\/wp-json\/wp\/v2\/product\/2230","targetHints":{"allow":["GET"]}}],"collection":[{"href":"https:\/\/niunielec.com\/es\/wp-json\/wp\/v2\/product"}],"about":[{"href":"https:\/\/niunielec.com\/es\/wp-json\/wp\/v2\/types\/product"}],"replies":[{"embeddable":true,"href":"https:\/\/niunielec.com\/es\/wp-json\/wp\/v2\/comments?post=2230"}],"wp:featuredmedia":[{"embeddable":true,"href":"https:\/\/niunielec.com\/es\/wp-json\/wp\/v2\/media\/2236"}],"wp:attachment":[{"href":"https:\/\/niunielec.com\/es\/wp-json\/wp\/v2\/media?parent=2230"}],"wp:term":[{"taxonomy":"product_brand","embeddable":true,"href":"https:\/\/niunielec.com\/es\/wp-json\/wp\/v2\/product_brand?post=2230"},{"taxonomy":"product_cat","embeddable":true,"href":"https:\/\/niunielec.com\/es\/wp-json\/wp\/v2\/product_cat?post=2230"},{"taxonomy":"product_tag","embeddable":true,"href":"https:\/\/niunielec.com\/es\/wp-json\/wp\/v2\/product_tag?post=2230"}],"curies":[{"name":"wp","href":"https:\/\/api.w.org\/{rel}","templated":true}]}}